{"id":8076,"date":"2026-04-28T08:05:34","date_gmt":"2026-04-28T05:05:34","guid":{"rendered":"https:\/\/ozince.com\/magaza\/kategorilenmemis\/ytt-1468-viraj-demir-braketi-kelebek-combo-corsa-b-93-02-on-sag\/"},"modified":"2026-04-28T08:05:35","modified_gmt":"2026-04-28T05:05:35","slug":"ytt-1468-viraj-demir-braketi-kelebek-combo-corsa-b-93-02-on-sag","status":"publish","type":"product","link":"https:\/\/ozince.com\/magaza\/alt-takim-urunleri\/ytt-1468-viraj-demir-braketi-kelebek-combo-corsa-b-93-02-on-sag\/","title":{"rendered":"YTT-1468 V\u0130RAJ DEM\u0130R BRAKET\u0130 (KELEBEK) COMBO \/ CORSA B 93-02 \u00d6N SA\u011e"},"content":{"rendered":"","protected":false},"excerpt":{"rendered":"","protected":false},"featured_media":13527,"template":"","meta":[],"product_brand":[413],"product_cat":[382],"product_tag":[378],"class_list":{"0":"post-8076","1":"product","2":"type-product","3":"status-publish","4":"has-post-thumbnail","6":"arac_markasi_modeli-corsa-b","7":"arac_markasi_modeli-opel","8":"product_brand-ytt","9":"product_cat-alt-takim-urunleri","10":"product_tag-altay","12":"first","13":"instock","14":"taxable","15":"shipping-taxable","16":"purchasable","17":"product-type-simple"},"jetpack_sharing_enabled":true,"_links":{"self":[{"href":"https:\/\/ozince.com\/magaza\/wp-json\/wp\/v2\/product\/8076","targetHints":{"allow":["GET"]}}],"collection":[{"href":"https:\/\/ozince.com\/magaza\/wp-json\/wp\/v2\/product"}],"about":[{"href":"https:\/\/ozince.com\/magaza\/wp-json\/wp\/v2\/types\/product"}],"wp:featuredmedia":[{"embeddable":true,"href":"https:\/\/ozince.com\/magaza\/wp-json\/wp\/v2\/media\/13527"}],"wp:attachment":[{"href":"https:\/\/ozince.com\/magaza\/wp-json\/wp\/v2\/media?parent=8076"}],"wp:term":[{"taxonomy":"product_brand","embeddable":true,"href":"https:\/\/ozince.com\/magaza\/wp-json\/wp\/v2\/product_brand?post=8076"},{"taxonomy":"product_cat","embeddable":true,"href":"https:\/\/ozince.com\/magaza\/wp-json\/wp\/v2\/product_cat?post=8076"},{"taxonomy":"product_tag","embeddable":true,"href":"https:\/\/ozince.com\/magaza\/wp-json\/wp\/v2\/product_tag?post=8076"}],"curies":[{"name":"wp","href":"https:\/\/api.w.org\/{rel}","templated":true}]}}