{"id":8072,"date":"2026-04-06T08:10:11","date_gmt":"2026-04-06T05:10:11","guid":{"rendered":"https:\/\/ozince.com\/magaza\/kategorilenmemis\/sac-3182600259-debriyaj-rulmani-hidrolik-corsa-e-astra-k-b14xe-b13dte-b14xel-d14xel\/"},"modified":"2026-04-06T08:10:11","modified_gmt":"2026-04-06T05:10:11","slug":"sac-3182600259-debriyaj-rulmani-hidrolik-corsa-e-astra-k-b14xe-b13dte-b14xel-d14xel","status":"publish","type":"product","link":"https:\/\/ozince.com\/magaza\/debriyaj-ve-sanziman-urunleri\/sac-3182600259-debriyaj-rulmani-hidrolik-corsa-e-astra-k-b14xe-b13dte-b14xel-d14xel\/","title":{"rendered":"SAC-3182600259 DEBR\u0130YAJ RULMANI H\u0130DROL\u0130K CORSA E \/ ASTRA K B14XE-B13DTE-B14XEL-D14XEL"},"content":{"rendered":"","protected":false},"excerpt":{"rendered":"","protected":false},"featured_media":0,"template":"","meta":[],"product_brand":[349],"product_cat":[347],"product_tag":[378],"class_list":{"0":"post-8072","1":"product","2":"type-product","3":"status-publish","5":"arac_markasi_modeli-astra-k","6":"arac_markasi_modeli-corsa-e","7":"arac_markasi_modeli-opel","8":"product_brand-sachs","9":"product_cat-debriyaj-ve-sanziman-urunleri","10":"product_tag-altay","12":"first","13":"instock","14":"taxable","15":"shipping-taxable","16":"purchasable","17":"product-type-simple"},"jetpack_sharing_enabled":true,"_links":{"self":[{"href":"https:\/\/ozince.com\/magaza\/wp-json\/wp\/v2\/product\/8072","targetHints":{"allow":["GET"]}}],"collection":[{"href":"https:\/\/ozince.com\/magaza\/wp-json\/wp\/v2\/product"}],"about":[{"href":"https:\/\/ozince.com\/magaza\/wp-json\/wp\/v2\/types\/product"}],"wp:attachment":[{"href":"https:\/\/ozince.com\/magaza\/wp-json\/wp\/v2\/media?parent=8072"}],"wp:term":[{"taxonomy":"product_brand","embeddable":true,"href":"https:\/\/ozince.com\/magaza\/wp-json\/wp\/v2\/product_brand?post=8072"},{"taxonomy":"product_cat","embeddable":true,"href":"https:\/\/ozince.com\/magaza\/wp-json\/wp\/v2\/product_cat?post=8072"},{"taxonomy":"product_tag","embeddable":true,"href":"https:\/\/ozince.com\/magaza\/wp-json\/wp\/v2\/product_tag?post=8072"}],"curies":[{"name":"wp","href":"https:\/\/api.w.org\/{rel}","templated":true}]}}