{"id":6549,"date":"2025-10-09T16:18:54","date_gmt":"2025-10-09T13:18:54","guid":{"rendered":"https:\/\/ozince.com\/magaza\/kategorilenmemis\/valeo-804503-opel-vectra-b-x2-0xev-debriyaj-bilyasi\/"},"modified":"2025-10-09T16:19:03","modified_gmt":"2025-10-09T13:19:03","slug":"valeo-804503-opel-vectra-b-x2-0xev-debriyaj-bilyasi","status":"publish","type":"product","link":"https:\/\/ozince.com\/magaza\/debriyaj-ve-sanziman-urunleri\/valeo-804503-opel-vectra-b-x2-0xev-debriyaj-bilyasi\/","title":{"rendered":"VALEO 804503 OPEL VECTRA B X2.0XEV DEBR\u0130YAJ B\u0130LYASI"},"content":{"rendered":"<p>\u00dcR\u00dcN OPEL  VECTRA B X2.0XEV MODELLER\u0130NE UYGUNDUR. <\/p>\n<p>S\u0130PAR\u0130\u015e VERMEDEN \u00d6NCE \u015eASE NUMARANIZLA TEY\u0130T ETMEN\u0130Z\u0130 \u00d6NER\u0130R\u0130Z.<\/p>\n","protected":false},"excerpt":{"rendered":"<p>\u00dcR\u00dcN OPEL VECTRA B X2.0XEV MODELLER\u0130NE UYGUNDUR. S\u0130PAR\u0130\u015e VERMEDEN \u00d6NCE \u015eASE NUMARANIZLA TEY\u0130T ETMEN\u0130Z\u0130 \u00d6NER\u0130R\u0130Z.<\/p>\n","protected":false},"featured_media":6550,"template":"","meta":[],"product_brand":[350],"product_cat":[347],"product_tag":[],"class_list":{"0":"post-6549","1":"product","2":"type-product","3":"status-publish","4":"has-post-thumbnail","6":"arac_markasi_modeli-opel","7":"arac_markasi_modeli-vectra-b","8":"product_brand-valeo","9":"product_cat-debriyaj-ve-sanziman-urunleri","11":"first","12":"instock","13":"taxable","14":"shipping-taxable","15":"purchasable","16":"product-type-simple"},"jetpack_sharing_enabled":true,"_links":{"self":[{"href":"https:\/\/ozince.com\/magaza\/wp-json\/wp\/v2\/product\/6549","targetHints":{"allow":["GET"]}}],"collection":[{"href":"https:\/\/ozince.com\/magaza\/wp-json\/wp\/v2\/product"}],"about":[{"href":"https:\/\/ozince.com\/magaza\/wp-json\/wp\/v2\/types\/product"}],"wp:featuredmedia":[{"embeddable":true,"href":"https:\/\/ozince.com\/magaza\/wp-json\/wp\/v2\/media\/6550"}],"wp:attachment":[{"href":"https:\/\/ozince.com\/magaza\/wp-json\/wp\/v2\/media?parent=6549"}],"wp:term":[{"taxonomy":"product_brand","embeddable":true,"href":"https:\/\/ozince.com\/magaza\/wp-json\/wp\/v2\/product_brand?post=6549"},{"taxonomy":"product_cat","embeddable":true,"href":"https:\/\/ozince.com\/magaza\/wp-json\/wp\/v2\/product_cat?post=6549"},{"taxonomy":"product_tag","embeddable":true,"href":"https:\/\/ozince.com\/magaza\/wp-json\/wp\/v2\/product_tag?post=6549"}],"curies":[{"name":"wp","href":"https:\/\/api.w.org\/{rel}","templated":true}]}}