{"id":6543,"date":"2025-10-09T16:18:54","date_gmt":"2025-10-09T13:18:54","guid":{"rendered":"https:\/\/ozince.com\/magaza\/kategorilenmemis\/sachs-3182654215-opel-astra-h-1-3-dizel-astra-j-1-6-turbo-debriyaj-bilyasi\/"},"modified":"2025-10-09T16:19:00","modified_gmt":"2025-10-09T13:19:00","slug":"sachs-3182654215-opel-astra-h-1-3-dizel-astra-j-1-6-turbo-debriyaj-bilyasi","status":"publish","type":"product","link":"https:\/\/ozince.com\/magaza\/debriyaj-ve-sanziman-urunleri\/sachs-3182654215-opel-astra-h-1-3-dizel-astra-j-1-6-turbo-debriyaj-bilyasi\/","title":{"rendered":"SACHS 3182654215 OPEL ASTRA H 1.3 D\u0130ZEL &#8211; ASTRA J 1.6 TURBO DEBR\u0130YAJ B\u0130LYASI"},"content":{"rendered":"<p>\u00dcR\u00dcN OPEL ASTRA H \/ CORSA D 1.3 D\u0130ZEL \/ ASTRA J 1.6 TURBO MODELLER\u0130NE UYGUNDUR. <\/p>\n<p>S\u0130PAR\u0130\u015e VERMEDEN \u00d6NCE \u015eASE NUMARANIZLA TEY\u0130T ETMEN\u0130Z\u0130 \u00d6NER\u0130R\u0130Z.<\/p>\n","protected":false},"excerpt":{"rendered":"<p>\u00dcR\u00dcN OPEL ASTRA H \/ CORSA D 1.3 D\u0130ZEL \/ ASTRA J 1.6 TURBO MODELLER\u0130NE UYGUNDUR. S\u0130PAR\u0130\u015e VERMEDEN \u00d6NCE \u015eASE NUMARANIZLA TEY\u0130T ETMEN\u0130Z\u0130 \u00d6NER\u0130R\u0130Z.<\/p>\n","protected":false},"featured_media":6544,"template":"","meta":[],"product_brand":[349],"product_cat":[347],"product_tag":[],"class_list":{"0":"post-6543","1":"product","2":"type-product","3":"status-publish","4":"has-post-thumbnail","6":"arac_markasi_modeli-astra-h","7":"arac_markasi_modeli-astra-j","8":"arac_markasi_modeli-opel","9":"product_brand-sachs","10":"product_cat-debriyaj-ve-sanziman-urunleri","12":"first","13":"instock","14":"taxable","15":"shipping-taxable","16":"purchasable","17":"product-type-simple"},"jetpack_sharing_enabled":true,"_links":{"self":[{"href":"https:\/\/ozince.com\/magaza\/wp-json\/wp\/v2\/product\/6543","targetHints":{"allow":["GET"]}}],"collection":[{"href":"https:\/\/ozince.com\/magaza\/wp-json\/wp\/v2\/product"}],"about":[{"href":"https:\/\/ozince.com\/magaza\/wp-json\/wp\/v2\/types\/product"}],"wp:featuredmedia":[{"embeddable":true,"href":"https:\/\/ozince.com\/magaza\/wp-json\/wp\/v2\/media\/6544"}],"wp:attachment":[{"href":"https:\/\/ozince.com\/magaza\/wp-json\/wp\/v2\/media?parent=6543"}],"wp:term":[{"taxonomy":"product_brand","embeddable":true,"href":"https:\/\/ozince.com\/magaza\/wp-json\/wp\/v2\/product_brand?post=6543"},{"taxonomy":"product_cat","embeddable":true,"href":"https:\/\/ozince.com\/magaza\/wp-json\/wp\/v2\/product_cat?post=6543"},{"taxonomy":"product_tag","embeddable":true,"href":"https:\/\/ozince.com\/magaza\/wp-json\/wp\/v2\/product_tag?post=6543"}],"curies":[{"name":"wp","href":"https:\/\/api.w.org\/{rel}","templated":true}]}}