{"id":6517,"date":"2025-10-07T13:57:44","date_gmt":"2025-10-07T10:57:44","guid":{"rendered":"https:\/\/ozince.com\/magaza\/kategorilenmemis\/sachs-2294000998-opel-insignia-a-astra-j-volant-a1-6let\/"},"modified":"2025-10-07T13:57:55","modified_gmt":"2025-10-07T10:57:55","slug":"sachs-2294000998-opel-insignia-a-astra-j-volant-a1-6let","status":"publish","type":"product","link":"https:\/\/ozince.com\/magaza\/debriyaj-ve-sanziman-urunleri\/sachs-2294000998-opel-insignia-a-astra-j-volant-a1-6let\/","title":{"rendered":"SACHS 2294000998 OPEL \u0130NS\u0130GN\u0130A A &#8211; ASTRA J VOLANT (A1.6LET)"},"content":{"rendered":"<p>S\u0130PAR\u0130\u015e VERMEDEN \u00d6NCE \u015eASE NUMARANIZLA TEY\u0130T ETMEN\u0130Z\u0130 \u00d6NER\u0130R\u0130Z.<\/p>\n","protected":false},"excerpt":{"rendered":"<p>S\u0130PAR\u0130\u015e VERMEDEN \u00d6NCE \u015eASE NUMARANIZLA TEY\u0130T ETMEN\u0130Z\u0130 \u00d6NER\u0130R\u0130Z.<\/p>\n","protected":false},"featured_media":6518,"template":"","meta":[],"product_brand":[349],"product_cat":[347],"product_tag":[],"class_list":{"0":"post-6517","1":"product","2":"type-product","3":"status-publish","4":"has-post-thumbnail","6":"arac_markasi_modeli-astra-j","7":"arac_markasi_modeli-insignia-a","8":"arac_markasi_modeli-opel","9":"product_brand-sachs","10":"product_cat-debriyaj-ve-sanziman-urunleri","12":"first","13":"instock","14":"taxable","15":"shipping-taxable","16":"purchasable","17":"product-type-simple"},"jetpack_sharing_enabled":true,"_links":{"self":[{"href":"https:\/\/ozince.com\/magaza\/wp-json\/wp\/v2\/product\/6517","targetHints":{"allow":["GET"]}}],"collection":[{"href":"https:\/\/ozince.com\/magaza\/wp-json\/wp\/v2\/product"}],"about":[{"href":"https:\/\/ozince.com\/magaza\/wp-json\/wp\/v2\/types\/product"}],"wp:featuredmedia":[{"embeddable":true,"href":"https:\/\/ozince.com\/magaza\/wp-json\/wp\/v2\/media\/6518"}],"wp:attachment":[{"href":"https:\/\/ozince.com\/magaza\/wp-json\/wp\/v2\/media?parent=6517"}],"wp:term":[{"taxonomy":"product_brand","embeddable":true,"href":"https:\/\/ozince.com\/magaza\/wp-json\/wp\/v2\/product_brand?post=6517"},{"taxonomy":"product_cat","embeddable":true,"href":"https:\/\/ozince.com\/magaza\/wp-json\/wp\/v2\/product_cat?post=6517"},{"taxonomy":"product_tag","embeddable":true,"href":"https:\/\/ozince.com\/magaza\/wp-json\/wp\/v2\/product_tag?post=6517"}],"curies":[{"name":"wp","href":"https:\/\/api.w.org\/{rel}","templated":true}]}}