{"id":6511,"date":"2025-10-07T13:57:44","date_gmt":"2025-10-07T10:57:44","guid":{"rendered":"https:\/\/ozince.com\/magaza\/kategorilenmemis\/mopar-55504335-opel-astra-j-k-insignia-a-b-1-6-dizel-volant\/"},"modified":"2025-10-07T13:57:52","modified_gmt":"2025-10-07T10:57:52","slug":"mopar-55504335-opel-astra-j-k-insignia-a-b-1-6-dizel-volant","status":"publish","type":"product","link":"https:\/\/ozince.com\/magaza\/debriyaj-ve-sanziman-urunleri\/mopar-55504335-opel-astra-j-k-insignia-a-b-1-6-dizel-volant\/","title":{"rendered":"MOPAR 55504335 OPEL ASTRA J &#8211; K &#8211; \u0130NS\u0130GN\u0130A A &#8211; B 1.6 D\u0130ZEL VOLANT"},"content":{"rendered":"<p>\u00dcR\u00dcN OPEL ASTRA J \/ ASTRA K \/ \u0130NS\u0130GN\u0130A A \/ \u0130NS\u0130GN\u0130A B \/ MOKKA \/ MOKKA X 1.6 D\u0130ZEL MODELLER\u0130NE UYGUNDUR.<\/p>\n<p>\u00dcR\u00dcN OR\u0130J\u0130NAL SERV\u0130S MALZEMES\u0130 OLUP KUTU \u0130\u00c7ER\u0130\u011e\u0130NDE (VALEO) YAZMAKTADIR. <\/p>\n<p>S\u0130PAR\u0130\u015e VERMEDEN \u00d6NCE \u015eASE NUMARANIZLA TEY\u0130T ETMEN\u0130Z\u0130 \u00d6NER\u0130R\u0130Z.<\/p>\n","protected":false},"excerpt":{"rendered":"<p>\u00dcR\u00dcN OPEL ASTRA J \/ ASTRA K \/ \u0130NS\u0130GN\u0130A A \/ \u0130NS\u0130GN\u0130A B \/ MOKKA \/ MOKKA X 1.6 D\u0130ZEL MODELLER\u0130NE UYGUNDUR. \u00dcR\u00dcN OR\u0130J\u0130NAL SERV\u0130S MALZEMES\u0130 OLUP KUTU \u0130\u00c7ER\u0130\u011e\u0130NDE (VALEO) YAZMAKTADIR. S\u0130PAR\u0130\u015e VERMEDEN \u00d6NCE \u015eASE NUMARANIZLA TEY\u0130T ETMEN\u0130Z\u0130 \u00d6NER\u0130R\u0130Z.<\/p>\n","protected":false},"featured_media":6512,"template":"","meta":[],"product_brand":[305],"product_cat":[347],"product_tag":[],"class_list":{"0":"post-6511","1":"product","2":"type-product","3":"status-publish","4":"has-post-thumbnail","6":"arac_markasi_modeli-astra-k","7":"arac_markasi_modeli-insignia-a","8":"arac_markasi_modeli-opel","9":"product_brand-mopar","10":"product_cat-debriyaj-ve-sanziman-urunleri","12":"first","13":"instock","14":"taxable","15":"shipping-taxable","16":"purchasable","17":"product-type-simple"},"jetpack_sharing_enabled":true,"_links":{"self":[{"href":"https:\/\/ozince.com\/magaza\/wp-json\/wp\/v2\/product\/6511","targetHints":{"allow":["GET"]}}],"collection":[{"href":"https:\/\/ozince.com\/magaza\/wp-json\/wp\/v2\/product"}],"about":[{"href":"https:\/\/ozince.com\/magaza\/wp-json\/wp\/v2\/types\/product"}],"wp:featuredmedia":[{"embeddable":true,"href":"https:\/\/ozince.com\/magaza\/wp-json\/wp\/v2\/media\/6512"}],"wp:attachment":[{"href":"https:\/\/ozince.com\/magaza\/wp-json\/wp\/v2\/media?parent=6511"}],"wp:term":[{"taxonomy":"product_brand","embeddable":true,"href":"https:\/\/ozince.com\/magaza\/wp-json\/wp\/v2\/product_brand?post=6511"},{"taxonomy":"product_cat","embeddable":true,"href":"https:\/\/ozince.com\/magaza\/wp-json\/wp\/v2\/product_cat?post=6511"},{"taxonomy":"product_tag","embeddable":true,"href":"https:\/\/ozince.com\/magaza\/wp-json\/wp\/v2\/product_tag?post=6511"}],"curies":[{"name":"wp","href":"https:\/\/api.w.org\/{rel}","templated":true}]}}