{"id":6500,"date":"2025-10-07T13:57:44","date_gmt":"2025-10-07T10:57:44","guid":{"rendered":"https:\/\/ozince.com\/magaza\/kategorilenmemis\/luk-415023210-opel-corsa-c-corsa-d-1-3-dizel-volant-oynar\/"},"modified":"2025-10-07T13:57:47","modified_gmt":"2025-10-07T10:57:47","slug":"luk-415023210-opel-corsa-c-corsa-d-1-3-dizel-volant-oynar","status":"publish","type":"product","link":"https:\/\/ozince.com\/magaza\/debriyaj-ve-sanziman-urunleri\/luk-415023210-opel-corsa-c-corsa-d-1-3-dizel-volant-oynar\/","title":{"rendered":"LUK 415023210 OPEL CORSA C &#8211; CORSA D 1.3 D\u0130ZEL VOLANT (OYNAR)"},"content":{"rendered":"<p>\u00dcR\u00dcN OPEL CORSA C \/ CORSA D \/ COMBO C \/ MER\u0130VA A 1.3 D\u0130ZEL MODELLER\u0130NE UYGUNDUR. <\/p>\n<p>LUK MARKA OR\u0130J\u0130NAL \u00dcRET\u0130C\u0130 F\u0130RMASININ \u00dcR\u00dcN\u00dcD\u00dcR. <\/p>\n<p>S\u0130PAR\u0130\u015e VERMEDEN \u00d6NCE \u015eASE NUMARANIZLA TEY\u0130T ETMEN\u0130Z\u0130 \u00d6NER\u0130R\u0130Z.<\/p>\n","protected":false},"excerpt":{"rendered":"<p>\u00dcR\u00dcN OPEL CORSA C \/ CORSA D \/ COMBO C \/ MER\u0130VA A 1.3 D\u0130ZEL MODELLER\u0130NE UYGUNDUR. LUK MARKA OR\u0130J\u0130NAL \u00dcRET\u0130C\u0130 F\u0130RMASININ \u00dcR\u00dcN\u00dcD\u00dcR. S\u0130PAR\u0130\u015e VERMEDEN \u00d6NCE \u015eASE NUMARANIZLA TEY\u0130T ETMEN\u0130Z\u0130 \u00d6NER\u0130R\u0130Z.<\/p>\n","protected":false},"featured_media":6501,"template":"","meta":[],"product_brand":[234],"product_cat":[347],"product_tag":[],"class_list":{"0":"post-6500","1":"product","2":"type-product","3":"status-publish","4":"has-post-thumbnail","6":"arac_markasi_modeli-corsa-c","7":"arac_markasi_modeli-corsa-d","8":"arac_markasi_modeli-opel","9":"product_brand-luk","10":"product_cat-debriyaj-ve-sanziman-urunleri","12":"first","13":"instock","14":"taxable","15":"shipping-taxable","16":"purchasable","17":"product-type-simple"},"jetpack_sharing_enabled":true,"_links":{"self":[{"href":"https:\/\/ozince.com\/magaza\/wp-json\/wp\/v2\/product\/6500","targetHints":{"allow":["GET"]}}],"collection":[{"href":"https:\/\/ozince.com\/magaza\/wp-json\/wp\/v2\/product"}],"about":[{"href":"https:\/\/ozince.com\/magaza\/wp-json\/wp\/v2\/types\/product"}],"wp:featuredmedia":[{"embeddable":true,"href":"https:\/\/ozince.com\/magaza\/wp-json\/wp\/v2\/media\/6501"}],"wp:attachment":[{"href":"https:\/\/ozince.com\/magaza\/wp-json\/wp\/v2\/media?parent=6500"}],"wp:term":[{"taxonomy":"product_brand","embeddable":true,"href":"https:\/\/ozince.com\/magaza\/wp-json\/wp\/v2\/product_brand?post=6500"},{"taxonomy":"product_cat","embeddable":true,"href":"https:\/\/ozince.com\/magaza\/wp-json\/wp\/v2\/product_cat?post=6500"},{"taxonomy":"product_tag","embeddable":true,"href":"https:\/\/ozince.com\/magaza\/wp-json\/wp\/v2\/product_tag?post=6500"}],"curies":[{"name":"wp","href":"https:\/\/api.w.org\/{rel}","templated":true}]}}