{"id":6496,"date":"2025-10-07T13:57:44","date_gmt":"2025-10-07T10:57:44","guid":{"rendered":"https:\/\/ozince.com\/magaza\/kategorilenmemis\/gm-55583705-opel-astra-j-volant-a1-4net-turbo\/"},"modified":"2025-10-07T13:57:44","modified_gmt":"2025-10-07T10:57:44","slug":"gm-55583705-opel-astra-j-volant-a1-4net-turbo","status":"publish","type":"product","link":"https:\/\/ozince.com\/magaza\/debriyaj-ve-sanziman-urunleri\/gm-55583705-opel-astra-j-volant-a1-4net-turbo\/","title":{"rendered":"GM 55583705 OPEL ASTRA J  VOLANT (A1.4NET) TURBO"},"content":{"rendered":"<p>\u00dcR\u00dcN OPEL ASTRA J A1.4NET TURBOLU (OYNAR VOLANT) MODELLER\u0130NE UYGUNDUR. <\/p>\n<p>OR\u0130J\u0130NAL \u00dcR\u00dcND\u00dcR. <\/p>\n<p>S\u0130PAR\u0130\u015e VERMEDEN \u00d6NCE \u015eASE NUMARANIZLA TEY\u0130T ETMEN\u0130Z\u0130 \u00d6NER\u0130R\u0130Z.<\/p>\n","protected":false},"excerpt":{"rendered":"<p>\u00dcR\u00dcN OPEL ASTRA J A1.4NET TURBOLU (OYNAR VOLANT) MODELLER\u0130NE UYGUNDUR. OR\u0130J\u0130NAL \u00dcR\u00dcND\u00dcR. S\u0130PAR\u0130\u015e VERMEDEN \u00d6NCE \u015eASE NUMARANIZLA TEY\u0130T ETMEN\u0130Z\u0130 \u00d6NER\u0130R\u0130Z.<\/p>\n","protected":false},"featured_media":6497,"template":"","meta":[],"product_brand":[286],"product_cat":[347],"product_tag":[],"class_list":{"0":"post-6496","1":"product","2":"type-product","3":"status-publish","4":"has-post-thumbnail","6":"arac_markasi_modeli-astra-j","7":"arac_markasi_modeli-opel","8":"product_brand-gm","9":"product_cat-debriyaj-ve-sanziman-urunleri","11":"first","12":"instock","13":"taxable","14":"shipping-taxable","15":"purchasable","16":"product-type-simple"},"jetpack_sharing_enabled":true,"_links":{"self":[{"href":"https:\/\/ozince.com\/magaza\/wp-json\/wp\/v2\/product\/6496","targetHints":{"allow":["GET"]}}],"collection":[{"href":"https:\/\/ozince.com\/magaza\/wp-json\/wp\/v2\/product"}],"about":[{"href":"https:\/\/ozince.com\/magaza\/wp-json\/wp\/v2\/types\/product"}],"wp:featuredmedia":[{"embeddable":true,"href":"https:\/\/ozince.com\/magaza\/wp-json\/wp\/v2\/media\/6497"}],"wp:attachment":[{"href":"https:\/\/ozince.com\/magaza\/wp-json\/wp\/v2\/media?parent=6496"}],"wp:term":[{"taxonomy":"product_brand","embeddable":true,"href":"https:\/\/ozince.com\/magaza\/wp-json\/wp\/v2\/product_brand?post=6496"},{"taxonomy":"product_cat","embeddable":true,"href":"https:\/\/ozince.com\/magaza\/wp-json\/wp\/v2\/product_cat?post=6496"},{"taxonomy":"product_tag","embeddable":true,"href":"https:\/\/ozince.com\/magaza\/wp-json\/wp\/v2\/product_tag?post=6496"}],"curies":[{"name":"wp","href":"https:\/\/api.w.org\/{rel}","templated":true}]}}