{"id":6494,"date":"2025-10-04T15:28:46","date_gmt":"2025-10-04T12:28:46","guid":{"rendered":"https:\/\/ozince.com\/magaza\/?post_type=product&#038;p=6494"},"modified":"2025-10-04T15:28:46","modified_gmt":"2025-10-04T12:28:46","slug":"gm-90444123-opel-vectra-a-2-0-devirdaim-93-95-model","status":"publish","type":"product","link":"https:\/\/ozince.com\/magaza\/motor-sogutma-ve-radyator-urunleri\/gm-90444123-opel-vectra-a-2-0-devirdaim-93-95-model\/","title":{"rendered":"GM 90444123 OPEL VECTRA A 2.0 DEV\u0130RDA\u0130M (93-95) MODEL"},"content":{"rendered":"<p>\u00dcR\u00dcN OPEL VECTRA A 2.0 1993-1995 MODELLER\u0130NE UYGUNDUR.<\/p>\n","protected":false},"excerpt":{"rendered":"<p>\u00dcR\u00dcN OPEL VECTRA A 2.0 1993-1995 MODELLER\u0130NE UYGUNDUR.<\/p>\n","protected":false},"featured_media":6495,"template":"","meta":[],"product_brand":[286],"product_cat":[324],"product_tag":[],"class_list":{"0":"post-6494","1":"product","2":"type-product","3":"status-publish","4":"has-post-thumbnail","6":"arac_markasi_modeli-opel","7":"arac_markasi_modeli-vectra-a","8":"product_brand-gm","9":"product_cat-motor-sogutma-ve-radyator-urunleri","11":"first","12":"instock","13":"taxable","14":"shipping-taxable","15":"purchasable","16":"product-type-simple"},"jetpack_sharing_enabled":true,"_links":{"self":[{"href":"https:\/\/ozince.com\/magaza\/wp-json\/wp\/v2\/product\/6494","targetHints":{"allow":["GET"]}}],"collection":[{"href":"https:\/\/ozince.com\/magaza\/wp-json\/wp\/v2\/product"}],"about":[{"href":"https:\/\/ozince.com\/magaza\/wp-json\/wp\/v2\/types\/product"}],"wp:featuredmedia":[{"embeddable":true,"href":"https:\/\/ozince.com\/magaza\/wp-json\/wp\/v2\/media\/6495"}],"wp:attachment":[{"href":"https:\/\/ozince.com\/magaza\/wp-json\/wp\/v2\/media?parent=6494"}],"wp:term":[{"taxonomy":"product_brand","embeddable":true,"href":"https:\/\/ozince.com\/magaza\/wp-json\/wp\/v2\/product_brand?post=6494"},{"taxonomy":"product_cat","embeddable":true,"href":"https:\/\/ozince.com\/magaza\/wp-json\/wp\/v2\/product_cat?post=6494"},{"taxonomy":"product_tag","embeddable":true,"href":"https:\/\/ozince.com\/magaza\/wp-json\/wp\/v2\/product_tag?post=6494"}],"curies":[{"name":"wp","href":"https:\/\/api.w.org\/{rel}","templated":true}]}}