{"id":6482,"date":"2025-10-04T13:55:28","date_gmt":"2025-10-04T10:55:28","guid":{"rendered":"https:\/\/ozince.com\/magaza\/?post_type=product&#038;p=6482"},"modified":"2026-03-02T14:53:55","modified_gmt":"2026-03-02T11:53:55","slug":"gm-90458252-opel-vectra-b-x2-0xev-eksantrik-devir-sensoru","status":"publish","type":"product","link":"https:\/\/ozince.com\/magaza\/sensor-ve-elektrik-urunleri\/gm-90458252-opel-vectra-b-x2-0xev-eksantrik-devir-sensoru\/","title":{"rendered":"GM 90458252 OPEL VECTRA B X2.0XEV EKSANTR\u0130K DEV\u0130R SENS\u00d6R\u00dc"},"content":{"rendered":"<p>\u00dcR\u00dcN OPEL VECTRA B X2.0XEV MODELLER\u0130NE UYGUNDUR.<\/p>\n","protected":false},"excerpt":{"rendered":"<p>\u00dcR\u00dcN OPEL VECTRA B X2.0XEV MODELLER\u0130NE UYGUNDUR.<\/p>\n","protected":false},"featured_media":6483,"template":"","meta":[],"product_brand":[286],"product_cat":[374],"product_tag":[],"class_list":{"0":"post-6482","1":"product","2":"type-product","3":"status-publish","4":"has-post-thumbnail","6":"arac_markasi_modeli-opel","7":"arac_markasi_modeli-vectra-b","8":"product_brand-gm","9":"product_cat-sensor-ve-elektrik-urunleri","11":"first","12":"instock","13":"taxable","14":"shipping-taxable","15":"purchasable","16":"product-type-simple"},"jetpack_sharing_enabled":true,"_links":{"self":[{"href":"https:\/\/ozince.com\/magaza\/wp-json\/wp\/v2\/product\/6482","targetHints":{"allow":["GET"]}}],"collection":[{"href":"https:\/\/ozince.com\/magaza\/wp-json\/wp\/v2\/product"}],"about":[{"href":"https:\/\/ozince.com\/magaza\/wp-json\/wp\/v2\/types\/product"}],"wp:featuredmedia":[{"embeddable":true,"href":"https:\/\/ozince.com\/magaza\/wp-json\/wp\/v2\/media\/6483"}],"wp:attachment":[{"href":"https:\/\/ozince.com\/magaza\/wp-json\/wp\/v2\/media?parent=6482"}],"wp:term":[{"taxonomy":"product_brand","embeddable":true,"href":"https:\/\/ozince.com\/magaza\/wp-json\/wp\/v2\/product_brand?post=6482"},{"taxonomy":"product_cat","embeddable":true,"href":"https:\/\/ozince.com\/magaza\/wp-json\/wp\/v2\/product_cat?post=6482"},{"taxonomy":"product_tag","embeddable":true,"href":"https:\/\/ozince.com\/magaza\/wp-json\/wp\/v2\/product_tag?post=6482"}],"curies":[{"name":"wp","href":"https:\/\/api.w.org\/{rel}","templated":true}]}}