{"id":6456,"date":"2025-10-01T12:07:46","date_gmt":"2025-10-01T09:07:46","guid":{"rendered":"https:\/\/ozince.com\/magaza\/kategorilenmemis\/sardes-sf127-4-opel-astra-h-corsa-c-1-3-dizel-mazot-filtresi\/"},"modified":"2025-10-01T12:07:53","modified_gmt":"2025-10-01T09:07:53","slug":"sardes-sf127-4-opel-astra-h-corsa-c-1-3-dizel-mazot-filtresi","status":"publish","type":"product","link":"https:\/\/ozince.com\/magaza\/periyodik-bakim-ve-filtre-urunleri\/sardes-sf127-4-opel-astra-h-corsa-c-1-3-dizel-mazot-filtresi\/","title":{"rendered":"SARDES SF127\/4 OPEL ASTRA H &#8211; CORSA C 1.3 D\u0130ZEL MAZOT F\u0130LTRES\u0130"},"content":{"rendered":"<p>\u00dcR\u00dcN OPEL ASTRA H \/ CORSA C 1.3 D\u0130ZEL MODELLER\u0130NE UYGUNDUR.<\/p>\n","protected":false},"excerpt":{"rendered":"<p>\u00dcR\u00dcN OPEL ASTRA H \/ CORSA C 1.3 D\u0130ZEL MODELLER\u0130NE UYGUNDUR.<\/p>\n","protected":false},"featured_media":6457,"template":"","meta":[],"product_brand":[356],"product_cat":[352],"product_tag":[],"class_list":{"0":"post-6456","1":"product","2":"type-product","3":"status-publish","4":"has-post-thumbnail","6":"arac_markasi_modeli-astra-h","7":"arac_markasi_modeli-corsa-c","8":"arac_markasi_modeli-opel","9":"product_brand-sardes","10":"product_cat-periyodik-bakim-ve-filtre-urunleri","12":"first","13":"instock","14":"taxable","15":"shipping-taxable","16":"purchasable","17":"product-type-simple"},"jetpack_sharing_enabled":true,"_links":{"self":[{"href":"https:\/\/ozince.com\/magaza\/wp-json\/wp\/v2\/product\/6456","targetHints":{"allow":["GET"]}}],"collection":[{"href":"https:\/\/ozince.com\/magaza\/wp-json\/wp\/v2\/product"}],"about":[{"href":"https:\/\/ozince.com\/magaza\/wp-json\/wp\/v2\/types\/product"}],"wp:featuredmedia":[{"embeddable":true,"href":"https:\/\/ozince.com\/magaza\/wp-json\/wp\/v2\/media\/6457"}],"wp:attachment":[{"href":"https:\/\/ozince.com\/magaza\/wp-json\/wp\/v2\/media?parent=6456"}],"wp:term":[{"taxonomy":"product_brand","embeddable":true,"href":"https:\/\/ozince.com\/magaza\/wp-json\/wp\/v2\/product_brand?post=6456"},{"taxonomy":"product_cat","embeddable":true,"href":"https:\/\/ozince.com\/magaza\/wp-json\/wp\/v2\/product_cat?post=6456"},{"taxonomy":"product_tag","embeddable":true,"href":"https:\/\/ozince.com\/magaza\/wp-json\/wp\/v2\/product_tag?post=6456"}],"curies":[{"name":"wp","href":"https:\/\/api.w.org\/{rel}","templated":true}]}}