{"id":6454,"date":"2025-10-01T12:07:46","date_gmt":"2025-10-01T09:07:46","guid":{"rendered":"https:\/\/ozince.com\/magaza\/kategorilenmemis\/purflux-fcs-743-opel-corsa-d-1-3-dizel-mazot-filtresi-2007-2009\/"},"modified":"2025-10-01T12:07:52","modified_gmt":"2025-10-01T09:07:52","slug":"purflux-fcs-743-opel-corsa-d-1-3-dizel-mazot-filtresi-2007-2009","status":"publish","type":"product","link":"https:\/\/ozince.com\/magaza\/periyodik-bakim-ve-filtre-urunleri\/purflux-fcs-743-opel-corsa-d-1-3-dizel-mazot-filtresi-2007-2009\/","title":{"rendered":"PURFLUX FCS 743 OPEL CORSA D 1.3 D\u0130ZEL MAZOT F\u0130LTRES\u0130 (2007-2009)"},"content":{"rendered":"<p>\u00dcR\u00dcN OPEL CORSA D 1.3 D\u0130ZEL 2007-2009 MODELLER\u0130NE UYGUNDUR.<\/p>\n","protected":false},"excerpt":{"rendered":"<p>\u00dcR\u00dcN OPEL CORSA D 1.3 D\u0130ZEL 2007-2009 MODELLER\u0130NE UYGUNDUR.<\/p>\n","protected":false},"featured_media":6455,"template":"","meta":[],"product_brand":[372],"product_cat":[352],"product_tag":[],"class_list":{"0":"post-6454","1":"product","2":"type-product","3":"status-publish","4":"has-post-thumbnail","6":"arac_markasi_modeli-corsa-d","7":"arac_markasi_modeli-opel","8":"product_brand-purflux","9":"product_cat-periyodik-bakim-ve-filtre-urunleri","11":"first","12":"instock","13":"taxable","14":"shipping-taxable","15":"purchasable","16":"product-type-simple"},"jetpack_sharing_enabled":true,"_links":{"self":[{"href":"https:\/\/ozince.com\/magaza\/wp-json\/wp\/v2\/product\/6454","targetHints":{"allow":["GET"]}}],"collection":[{"href":"https:\/\/ozince.com\/magaza\/wp-json\/wp\/v2\/product"}],"about":[{"href":"https:\/\/ozince.com\/magaza\/wp-json\/wp\/v2\/types\/product"}],"wp:featuredmedia":[{"embeddable":true,"href":"https:\/\/ozince.com\/magaza\/wp-json\/wp\/v2\/media\/6455"}],"wp:attachment":[{"href":"https:\/\/ozince.com\/magaza\/wp-json\/wp\/v2\/media?parent=6454"}],"wp:term":[{"taxonomy":"product_brand","embeddable":true,"href":"https:\/\/ozince.com\/magaza\/wp-json\/wp\/v2\/product_brand?post=6454"},{"taxonomy":"product_cat","embeddable":true,"href":"https:\/\/ozince.com\/magaza\/wp-json\/wp\/v2\/product_cat?post=6454"},{"taxonomy":"product_tag","embeddable":true,"href":"https:\/\/ozince.com\/magaza\/wp-json\/wp\/v2\/product_tag?post=6454"}],"curies":[{"name":"wp","href":"https:\/\/api.w.org\/{rel}","templated":true}]}}