{"id":6444,"date":"2025-10-01T12:07:46","date_gmt":"2025-10-01T09:07:46","guid":{"rendered":"https:\/\/ozince.com\/magaza\/kategorilenmemis\/filtron-pe982-4-opel-astra-k-1-6-dizel-mazot-filtresi\/"},"modified":"2025-10-01T12:07:49","modified_gmt":"2025-10-01T09:07:49","slug":"filtron-pe982-4-opel-astra-k-1-6-dizel-mazot-filtresi","status":"publish","type":"product","link":"https:\/\/ozince.com\/magaza\/periyodik-bakim-ve-filtre-urunleri\/filtron-pe982-4-opel-astra-k-1-6-dizel-mazot-filtresi\/","title":{"rendered":"F\u0130LTRON PE982\/4 OPEL ASTRA K 1.6 D\u0130ZEL MAZOT F\u0130LTRES\u0130"},"content":{"rendered":"<p>\u00dcR\u00dcN OPEL ASTRA K 1.5-1.6 D\u0130ZEL MODELLER\u0130NE UYGUNDUR. <\/p>\n<p>TEKN\u0130K B\u0130LG\u0130<\/p>\n<p>\u0130\u00c7 \u00c7AP (MM): 24,5<br \/>\nY\u00dcKSEKL\u0130K (MM): 105,8<br \/>\nDI\u015e \u00c7AP (MM):  90<\/p>\n","protected":false},"excerpt":{"rendered":"<p>\u00dcR\u00dcN OPEL ASTRA K 1.5-1.6 D\u0130ZEL MODELLER\u0130NE UYGUNDUR. TEKN\u0130K B\u0130LG\u0130 \u0130\u00c7 \u00c7AP (MM): 24,5 Y\u00dcKSEKL\u0130K (MM): 105,8 DI\u015e \u00c7AP (MM): 90<\/p>\n","protected":false},"featured_media":6445,"template":"","meta":[],"product_brand":[196],"product_cat":[352],"product_tag":[],"class_list":{"0":"post-6444","1":"product","2":"type-product","3":"status-publish","4":"has-post-thumbnail","6":"arac_markasi_modeli-astra-k","7":"arac_markasi_modeli-opel","8":"product_brand-filtron","9":"product_cat-periyodik-bakim-ve-filtre-urunleri","11":"first","12":"instock","13":"taxable","14":"shipping-taxable","15":"purchasable","16":"product-type-simple"},"jetpack_sharing_enabled":true,"_links":{"self":[{"href":"https:\/\/ozince.com\/magaza\/wp-json\/wp\/v2\/product\/6444","targetHints":{"allow":["GET"]}}],"collection":[{"href":"https:\/\/ozince.com\/magaza\/wp-json\/wp\/v2\/product"}],"about":[{"href":"https:\/\/ozince.com\/magaza\/wp-json\/wp\/v2\/types\/product"}],"wp:featuredmedia":[{"embeddable":true,"href":"https:\/\/ozince.com\/magaza\/wp-json\/wp\/v2\/media\/6445"}],"wp:attachment":[{"href":"https:\/\/ozince.com\/magaza\/wp-json\/wp\/v2\/media?parent=6444"}],"wp:term":[{"taxonomy":"product_brand","embeddable":true,"href":"https:\/\/ozince.com\/magaza\/wp-json\/wp\/v2\/product_brand?post=6444"},{"taxonomy":"product_cat","embeddable":true,"href":"https:\/\/ozince.com\/magaza\/wp-json\/wp\/v2\/product_cat?post=6444"},{"taxonomy":"product_tag","embeddable":true,"href":"https:\/\/ozince.com\/magaza\/wp-json\/wp\/v2\/product_tag?post=6444"}],"curies":[{"name":"wp","href":"https:\/\/api.w.org\/{rel}","templated":true}]}}