{"id":6440,"date":"2025-10-01T12:07:46","date_gmt":"2025-10-01T09:07:46","guid":{"rendered":"https:\/\/ozince.com\/magaza\/kategorilenmemis\/bosch-f026402359-peugeot-208-2008-3008-1-5-bluehdi-mazot-filtresi\/"},"modified":"2025-10-01T12:07:48","modified_gmt":"2025-10-01T09:07:48","slug":"bosch-f026402359-peugeot-208-2008-3008-1-5-bluehdi-mazot-filtresi","status":"publish","type":"product","link":"https:\/\/ozince.com\/magaza\/periyodik-bakim-ve-filtre-urunleri\/bosch-f026402359-peugeot-208-2008-3008-1-5-bluehdi-mazot-filtresi\/","title":{"rendered":"BOSCH F026402359 PEUGEOT 208 &#8211; 2008 &#8211; 3008 1.5 BLUEHD\u0130 MAZOT F\u0130LTRES\u0130"},"content":{"rendered":"<p>\u00dcR\u00dcN PEUGEOT PARTNER \/ 301 \/ 208 \/ 308 508 \/ 2008 \/ 3008 1.5 D\u0130ZEL MODELLER\u0130NE UYGUNDUR. <\/p>\n<p>TEKN\u0130K B\u0130LG\u0130<\/p>\n<p>\u0130\u00c7 \u00c7AP (MM): 49<br \/>\nY\u00dcKSEKL\u0130K (MM): 66<br \/>\nDI\u015e \u00c7AP (MM): 95<\/p>\n","protected":false},"excerpt":{"rendered":"<p>\u00dcR\u00dcN PEUGEOT PARTNER \/ 301 \/ 208 \/ 308 508 \/ 2008 \/ 3008 1.5 D\u0130ZEL MODELLER\u0130NE UYGUNDUR. TEKN\u0130K B\u0130LG\u0130 \u0130\u00c7 \u00c7AP (MM): 49 Y\u00dcKSEKL\u0130K (MM): 66 DI\u015e \u00c7AP (MM): 95<\/p>\n","protected":false},"featured_media":6435,"template":"","meta":[],"product_brand":[190],"product_cat":[352],"product_tag":[],"class_list":{"0":"post-6440","1":"product","2":"type-product","3":"status-publish","4":"has-post-thumbnail","6":"arac_markasi_modeli-250","7":"arac_markasi_modeli-282","8":"arac_markasi_modeli-249","9":"arac_markasi_modeli-peugeot","10":"product_brand-bosch","11":"product_cat-periyodik-bakim-ve-filtre-urunleri","13":"first","14":"instock","15":"taxable","16":"shipping-taxable","17":"purchasable","18":"product-type-simple"},"jetpack_sharing_enabled":true,"_links":{"self":[{"href":"https:\/\/ozince.com\/magaza\/wp-json\/wp\/v2\/product\/6440","targetHints":{"allow":["GET"]}}],"collection":[{"href":"https:\/\/ozince.com\/magaza\/wp-json\/wp\/v2\/product"}],"about":[{"href":"https:\/\/ozince.com\/magaza\/wp-json\/wp\/v2\/types\/product"}],"wp:featuredmedia":[{"embeddable":true,"href":"https:\/\/ozince.com\/magaza\/wp-json\/wp\/v2\/media\/6435"}],"wp:attachment":[{"href":"https:\/\/ozince.com\/magaza\/wp-json\/wp\/v2\/media?parent=6440"}],"wp:term":[{"taxonomy":"product_brand","embeddable":true,"href":"https:\/\/ozince.com\/magaza\/wp-json\/wp\/v2\/product_brand?post=6440"},{"taxonomy":"product_cat","embeddable":true,"href":"https:\/\/ozince.com\/magaza\/wp-json\/wp\/v2\/product_cat?post=6440"},{"taxonomy":"product_tag","embeddable":true,"href":"https:\/\/ozince.com\/magaza\/wp-json\/wp\/v2\/product_tag?post=6440"}],"curies":[{"name":"wp","href":"https:\/\/api.w.org\/{rel}","templated":true}]}}