{"id":6429,"date":"2025-09-27T12:35:14","date_gmt":"2025-09-27T09:35:14","guid":{"rendered":"https:\/\/ozince.com\/magaza\/kategorilenmemis\/wonga-22123-opel-astra-k-on-fren-balatasi-15-inc\/"},"modified":"2025-09-27T12:35:34","modified_gmt":"2025-09-27T09:35:34","slug":"wonga-22123-opel-astra-k-on-fren-balatasi-15-inc","status":"publish","type":"product","link":"https:\/\/ozince.com\/magaza\/fren-sistemi-urunleri\/wonga-22123-opel-astra-k-on-fren-balatasi-15-inc\/","title":{"rendered":"WONGA 22123 OPEL ASTRA K \u00d6N FREN BALATASI (15 \u0130N\u00c7)"},"content":{"rendered":"<p>\u00dcR\u00dcN OPEL ASTRA K (15 \u0130N\u00c7) MODELLER\u0130NE UYGUNDUR. <\/p>\n<p>TEKN\u0130K B\u0130LG\u0130: <\/p>\n<p>KALINLIK (MM): 18,5<br \/>\nY\u00dcKSEKL\u0130K (MM): 56,3-58,9<br \/>\nGEN\u0130\u015eL\u0130K (MM): 155,1<\/p>\n","protected":false},"excerpt":{"rendered":"<p>\u00dcR\u00dcN OPEL ASTRA K (15 \u0130N\u00c7) MODELLER\u0130NE UYGUNDUR. TEKN\u0130K B\u0130LG\u0130: KALINLIK (MM): 18,5 Y\u00dcKSEKL\u0130K (MM): 56,3-58,9 GEN\u0130\u015eL\u0130K (MM): 155,1<\/p>\n","protected":false},"featured_media":6430,"template":"","meta":[],"product_brand":[371],"product_cat":[257],"product_tag":[],"class_list":{"0":"post-6429","1":"product","2":"type-product","3":"status-publish","4":"has-post-thumbnail","6":"arac_markasi_modeli-astra-k","7":"arac_markasi_modeli-opel","8":"product_brand-wonga","9":"product_cat-fren-sistemi-urunleri","11":"first","12":"instock","13":"taxable","14":"shipping-taxable","15":"purchasable","16":"product-type-simple"},"jetpack_sharing_enabled":true,"_links":{"self":[{"href":"https:\/\/ozince.com\/magaza\/wp-json\/wp\/v2\/product\/6429","targetHints":{"allow":["GET"]}}],"collection":[{"href":"https:\/\/ozince.com\/magaza\/wp-json\/wp\/v2\/product"}],"about":[{"href":"https:\/\/ozince.com\/magaza\/wp-json\/wp\/v2\/types\/product"}],"wp:featuredmedia":[{"embeddable":true,"href":"https:\/\/ozince.com\/magaza\/wp-json\/wp\/v2\/media\/6430"}],"wp:attachment":[{"href":"https:\/\/ozince.com\/magaza\/wp-json\/wp\/v2\/media?parent=6429"}],"wp:term":[{"taxonomy":"product_brand","embeddable":true,"href":"https:\/\/ozince.com\/magaza\/wp-json\/wp\/v2\/product_brand?post=6429"},{"taxonomy":"product_cat","embeddable":true,"href":"https:\/\/ozince.com\/magaza\/wp-json\/wp\/v2\/product_cat?post=6429"},{"taxonomy":"product_tag","embeddable":true,"href":"https:\/\/ozince.com\/magaza\/wp-json\/wp\/v2\/product_tag?post=6429"}],"curies":[{"name":"wp","href":"https:\/\/api.w.org\/{rel}","templated":true}]}}