{"id":6423,"date":"2025-09-27T12:35:14","date_gmt":"2025-09-27T09:35:14","guid":{"rendered":"https:\/\/ozince.com\/magaza\/kategorilenmemis\/trw-gdb-1621-opel-vectra-c-arka-fren-balatasi\/"},"modified":"2025-09-27T12:35:31","modified_gmt":"2025-09-27T09:35:31","slug":"trw-gdb-1621-opel-vectra-c-arka-fren-balatasi","status":"publish","type":"product","link":"https:\/\/ozince.com\/magaza\/fren-sistemi-urunleri\/trw-gdb-1621-opel-vectra-c-arka-fren-balatasi\/","title":{"rendered":"TRW GDB 1621 OPEL VECTRA C ARKA FREN BALATASI"},"content":{"rendered":"<p>TEKN\u0130K B\u0130LG\u0130: <\/p>\n<p>KALINLIK (MM): 16<br \/>\nGEN\u0130\u015eL\u0130K (MM): 123<br \/>\nY\u00dcKSEKL\u0130K (MM): 52<\/p>\n","protected":false},"excerpt":{"rendered":"<p>TEKN\u0130K B\u0130LG\u0130: KALINLIK (MM): 16 GEN\u0130\u015eL\u0130K (MM): 123 Y\u00dcKSEKL\u0130K (MM): 52<\/p>\n","protected":false},"featured_media":6424,"template":"","meta":[],"product_brand":[294],"product_cat":[257],"product_tag":[],"class_list":{"0":"post-6423","1":"product","2":"type-product","3":"status-publish","4":"has-post-thumbnail","6":"arac_markasi_modeli-opel","7":"arac_markasi_modeli-vectra-c","8":"product_brand-trw","9":"product_cat-fren-sistemi-urunleri","11":"first","12":"instock","13":"taxable","14":"shipping-taxable","15":"purchasable","16":"product-type-simple"},"jetpack_sharing_enabled":true,"_links":{"self":[{"href":"https:\/\/ozince.com\/magaza\/wp-json\/wp\/v2\/product\/6423","targetHints":{"allow":["GET"]}}],"collection":[{"href":"https:\/\/ozince.com\/magaza\/wp-json\/wp\/v2\/product"}],"about":[{"href":"https:\/\/ozince.com\/magaza\/wp-json\/wp\/v2\/types\/product"}],"wp:featuredmedia":[{"embeddable":true,"href":"https:\/\/ozince.com\/magaza\/wp-json\/wp\/v2\/media\/6424"}],"wp:attachment":[{"href":"https:\/\/ozince.com\/magaza\/wp-json\/wp\/v2\/media?parent=6423"}],"wp:term":[{"taxonomy":"product_brand","embeddable":true,"href":"https:\/\/ozince.com\/magaza\/wp-json\/wp\/v2\/product_brand?post=6423"},{"taxonomy":"product_cat","embeddable":true,"href":"https:\/\/ozince.com\/magaza\/wp-json\/wp\/v2\/product_cat?post=6423"},{"taxonomy":"product_tag","embeddable":true,"href":"https:\/\/ozince.com\/magaza\/wp-json\/wp\/v2\/product_tag?post=6423"}],"curies":[{"name":"wp","href":"https:\/\/api.w.org\/{rel}","templated":true}]}}