{"id":6421,"date":"2025-09-27T12:35:14","date_gmt":"2025-09-27T09:35:14","guid":{"rendered":"https:\/\/ozince.com\/magaza\/kategorilenmemis\/trw-gdb1492-opel-vectra-c-on-fren-balatasi\/"},"modified":"2025-09-27T12:35:30","modified_gmt":"2025-09-27T09:35:30","slug":"trw-gdb1492-opel-vectra-c-on-fren-balatasi","status":"publish","type":"product","link":"https:\/\/ozince.com\/magaza\/fren-sistemi-urunleri\/trw-gdb1492-opel-vectra-c-on-fren-balatasi\/","title":{"rendered":"TRW GDB1492 OPEL VECTRA C \u00d6N FREN BALATASI"},"content":{"rendered":"<p>TEKN\u0130K B\u0130LG\u0130: <\/p>\n<p>GEN\u0130\u015eL\u0130K (MM): 156-155<br \/>\nY\u00dcKSEKL\u0130K (MM): 70-71<br \/>\nKALINLIK (MM): 20<\/p>\n","protected":false},"excerpt":{"rendered":"<p>TEKN\u0130K B\u0130LG\u0130: GEN\u0130\u015eL\u0130K (MM): 156-155 Y\u00dcKSEKL\u0130K (MM): 70-71 KALINLIK (MM): 20<\/p>\n","protected":false},"featured_media":6422,"template":"","meta":[],"product_brand":[294],"product_cat":[257],"product_tag":[],"class_list":{"0":"post-6421","1":"product","2":"type-product","3":"status-publish","4":"has-post-thumbnail","6":"arac_markasi_modeli-opel","7":"arac_markasi_modeli-vectra-c","8":"product_brand-trw","9":"product_cat-fren-sistemi-urunleri","11":"first","12":"instock","13":"taxable","14":"shipping-taxable","15":"purchasable","16":"product-type-simple"},"jetpack_sharing_enabled":true,"_links":{"self":[{"href":"https:\/\/ozince.com\/magaza\/wp-json\/wp\/v2\/product\/6421","targetHints":{"allow":["GET"]}}],"collection":[{"href":"https:\/\/ozince.com\/magaza\/wp-json\/wp\/v2\/product"}],"about":[{"href":"https:\/\/ozince.com\/magaza\/wp-json\/wp\/v2\/types\/product"}],"wp:featuredmedia":[{"embeddable":true,"href":"https:\/\/ozince.com\/magaza\/wp-json\/wp\/v2\/media\/6422"}],"wp:attachment":[{"href":"https:\/\/ozince.com\/magaza\/wp-json\/wp\/v2\/media?parent=6421"}],"wp:term":[{"taxonomy":"product_brand","embeddable":true,"href":"https:\/\/ozince.com\/magaza\/wp-json\/wp\/v2\/product_brand?post=6421"},{"taxonomy":"product_cat","embeddable":true,"href":"https:\/\/ozince.com\/magaza\/wp-json\/wp\/v2\/product_cat?post=6421"},{"taxonomy":"product_tag","embeddable":true,"href":"https:\/\/ozince.com\/magaza\/wp-json\/wp\/v2\/product_tag?post=6421"}],"curies":[{"name":"wp","href":"https:\/\/api.w.org\/{rel}","templated":true}]}}