{"id":6409,"date":"2025-09-27T12:35:14","date_gmt":"2025-09-27T09:35:14","guid":{"rendered":"https:\/\/ozince.com\/magaza\/kategorilenmemis\/margo-1200002-opel-astra-k-insignia-b-arka-fren-balatasi\/"},"modified":"2025-09-27T12:35:24","modified_gmt":"2025-09-27T09:35:24","slug":"margo-1200002-opel-astra-k-insignia-b-arka-fren-balatasi","status":"publish","type":"product","link":"https:\/\/ozince.com\/magaza\/fren-sistemi-urunleri\/margo-1200002-opel-astra-k-insignia-b-arka-fren-balatasi\/","title":{"rendered":"MARGO 1200002 OPEL ASTRA K &#8211; \u0130NS\u0130GN\u0130A B ARKA FREN BALATASI"},"content":{"rendered":"<p>TEKN\u0130K B\u0130LG\u0130: <\/p>\n<p>GEN\u0130\u015eL\u0130K (MM): 106<br \/>\nY\u00dcKSEKL\u0130K (MM): 46<br \/>\nKALINLIK (MM): 17<\/p>\n","protected":false},"excerpt":{"rendered":"<p>TEKN\u0130K B\u0130LG\u0130: GEN\u0130\u015eL\u0130K (MM): 106 Y\u00dcKSEKL\u0130K (MM): 46 KALINLIK (MM): 17<\/p>\n","protected":false},"featured_media":6410,"template":"","meta":[],"product_brand":[289],"product_cat":[257],"product_tag":[],"class_list":{"0":"post-6409","1":"product","2":"type-product","3":"status-publish","4":"has-post-thumbnail","6":"arac_markasi_modeli-astra-k","7":"arac_markasi_modeli-insignia-b","8":"arac_markasi_modeli-opel","9":"product_brand-margo","10":"product_cat-fren-sistemi-urunleri","12":"first","13":"instock","14":"taxable","15":"shipping-taxable","16":"purchasable","17":"product-type-simple"},"jetpack_sharing_enabled":true,"_links":{"self":[{"href":"https:\/\/ozince.com\/magaza\/wp-json\/wp\/v2\/product\/6409","targetHints":{"allow":["GET"]}}],"collection":[{"href":"https:\/\/ozince.com\/magaza\/wp-json\/wp\/v2\/product"}],"about":[{"href":"https:\/\/ozince.com\/magaza\/wp-json\/wp\/v2\/types\/product"}],"wp:featuredmedia":[{"embeddable":true,"href":"https:\/\/ozince.com\/magaza\/wp-json\/wp\/v2\/media\/6410"}],"wp:attachment":[{"href":"https:\/\/ozince.com\/magaza\/wp-json\/wp\/v2\/media?parent=6409"}],"wp:term":[{"taxonomy":"product_brand","embeddable":true,"href":"https:\/\/ozince.com\/magaza\/wp-json\/wp\/v2\/product_brand?post=6409"},{"taxonomy":"product_cat","embeddable":true,"href":"https:\/\/ozince.com\/magaza\/wp-json\/wp\/v2\/product_cat?post=6409"},{"taxonomy":"product_tag","embeddable":true,"href":"https:\/\/ozince.com\/magaza\/wp-json\/wp\/v2\/product_tag?post=6409"}],"curies":[{"name":"wp","href":"https:\/\/api.w.org\/{rel}","templated":true}]}}