{"id":6401,"date":"2025-09-27T12:35:14","date_gmt":"2025-09-27T09:35:14","guid":{"rendered":"https:\/\/ozince.com\/magaza\/kategorilenmemis\/gm-93176429-opel-astra-h-combo-c-on-fren-balatasi\/"},"modified":"2025-09-27T12:35:19","modified_gmt":"2025-09-27T09:35:19","slug":"gm-93176429-opel-astra-h-combo-c-on-fren-balatasi","status":"publish","type":"product","link":"https:\/\/ozince.com\/magaza\/fren-sistemi-urunleri\/gm-93176429-opel-astra-h-combo-c-on-fren-balatasi\/","title":{"rendered":"GM 93176429 OPEL ASTRA H &#8211; COMBO C \u00d6N FREN BALATASI"},"content":{"rendered":"<p>\u00dcR\u00dcN OPEL ASTRA H \/ COMBO C \/ MER\u0130VA A MODELLER\u0130NE UYGUNDUR. <\/p>\n<p>TEKN\u0130K B\u0130LG\u0130: <\/p>\n<p>KALINLIK (MM): 20<br \/>\nY\u00dcKSEKL\u0130K (MM): 70-76<br \/>\nGEN\u0130\u015eL\u0130K (MM): 155-156<\/p>\n","protected":false},"excerpt":{"rendered":"<p>\u00dcR\u00dcN OPEL ASTRA H \/ COMBO C \/ MER\u0130VA A MODELLER\u0130NE UYGUNDUR. TEKN\u0130K B\u0130LG\u0130: KALINLIK (MM): 20 Y\u00dcKSEKL\u0130K (MM): 70-76 GEN\u0130\u015eL\u0130K (MM): 155-156<\/p>\n","protected":false},"featured_media":6402,"template":"","meta":[],"product_brand":[286],"product_cat":[257],"product_tag":[],"class_list":{"0":"post-6401","1":"product","2":"type-product","3":"status-publish","4":"has-post-thumbnail","6":"arac_markasi_modeli-astra-h","7":"arac_markasi_modeli-combo-c","8":"arac_markasi_modeli-opel","9":"product_brand-gm","10":"product_cat-fren-sistemi-urunleri","12":"first","13":"instock","14":"taxable","15":"shipping-taxable","16":"purchasable","17":"product-type-simple"},"jetpack_sharing_enabled":true,"_links":{"self":[{"href":"https:\/\/ozince.com\/magaza\/wp-json\/wp\/v2\/product\/6401","targetHints":{"allow":["GET"]}}],"collection":[{"href":"https:\/\/ozince.com\/magaza\/wp-json\/wp\/v2\/product"}],"about":[{"href":"https:\/\/ozince.com\/magaza\/wp-json\/wp\/v2\/types\/product"}],"wp:featuredmedia":[{"embeddable":true,"href":"https:\/\/ozince.com\/magaza\/wp-json\/wp\/v2\/media\/6402"}],"wp:attachment":[{"href":"https:\/\/ozince.com\/magaza\/wp-json\/wp\/v2\/media?parent=6401"}],"wp:term":[{"taxonomy":"product_brand","embeddable":true,"href":"https:\/\/ozince.com\/magaza\/wp-json\/wp\/v2\/product_brand?post=6401"},{"taxonomy":"product_cat","embeddable":true,"href":"https:\/\/ozince.com\/magaza\/wp-json\/wp\/v2\/product_cat?post=6401"},{"taxonomy":"product_tag","embeddable":true,"href":"https:\/\/ozince.com\/magaza\/wp-json\/wp\/v2\/product_tag?post=6401"}],"curies":[{"name":"wp","href":"https:\/\/api.w.org\/{rel}","templated":true}]}}