{"id":6381,"date":"2025-09-27T12:34:55","date_gmt":"2025-09-27T09:34:55","guid":{"rendered":"https:\/\/ozince.com\/magaza\/kategorilenmemis\/ferodo-fsb-681-opel-corsa-d-arka-fren-balatasi\/"},"modified":"2025-09-27T12:35:02","modified_gmt":"2025-09-27T09:35:02","slug":"ferodo-fsb-681-opel-corsa-d-arka-fren-balatasi","status":"publish","type":"product","link":"https:\/\/ozince.com\/magaza\/fren-sistemi-urunleri\/ferodo-fsb-681-opel-corsa-d-arka-fren-balatasi\/","title":{"rendered":"FERODO FSB 681 OPEL CORSA D ARKA FREN BALATASI"},"content":{"rendered":"<p>\u00dcR\u00dcN OPEL CORSA D KAMPANALI MODELLER\u0130NE UYGUNDUR.<\/p>\n","protected":false},"excerpt":{"rendered":"<p>\u00dcR\u00dcN OPEL CORSA D KAMPANALI MODELLER\u0130NE UYGUNDUR.<\/p>\n","protected":false},"featured_media":6382,"template":"","meta":[],"product_brand":[285],"product_cat":[257],"product_tag":[],"class_list":{"0":"post-6381","1":"product","2":"type-product","3":"status-publish","4":"has-post-thumbnail","6":"arac_markasi_modeli-corsa-d","7":"arac_markasi_modeli-opel","8":"product_brand-ferodo","9":"product_cat-fren-sistemi-urunleri","11":"first","12":"instock","13":"taxable","14":"shipping-taxable","15":"purchasable","16":"product-type-simple"},"jetpack_sharing_enabled":true,"_links":{"self":[{"href":"https:\/\/ozince.com\/magaza\/wp-json\/wp\/v2\/product\/6381","targetHints":{"allow":["GET"]}}],"collection":[{"href":"https:\/\/ozince.com\/magaza\/wp-json\/wp\/v2\/product"}],"about":[{"href":"https:\/\/ozince.com\/magaza\/wp-json\/wp\/v2\/types\/product"}],"wp:featuredmedia":[{"embeddable":true,"href":"https:\/\/ozince.com\/magaza\/wp-json\/wp\/v2\/media\/6382"}],"wp:attachment":[{"href":"https:\/\/ozince.com\/magaza\/wp-json\/wp\/v2\/media?parent=6381"}],"wp:term":[{"taxonomy":"product_brand","embeddable":true,"href":"https:\/\/ozince.com\/magaza\/wp-json\/wp\/v2\/product_brand?post=6381"},{"taxonomy":"product_cat","embeddable":true,"href":"https:\/\/ozince.com\/magaza\/wp-json\/wp\/v2\/product_cat?post=6381"},{"taxonomy":"product_tag","embeddable":true,"href":"https:\/\/ozince.com\/magaza\/wp-json\/wp\/v2\/product_tag?post=6381"}],"curies":[{"name":"wp","href":"https:\/\/api.w.org\/{rel}","templated":true}]}}