{"id":6375,"date":"2025-09-27T12:34:55","date_gmt":"2025-09-27T09:34:55","guid":{"rendered":"https:\/\/ozince.com\/magaza\/kategorilenmemis\/eurorepar-1682315480-citroen-c-elysee-c3-c4-on-fren-balatasi\/"},"modified":"2025-09-27T12:35:00","modified_gmt":"2025-09-27T09:35:00","slug":"eurorepar-1682315480-citroen-c-elysee-c3-c4-on-fren-balatasi","status":"publish","type":"product","link":"https:\/\/ozince.com\/magaza\/fren-sistemi-urunleri\/eurorepar-1682315480-citroen-c-elysee-c3-c4-on-fren-balatasi\/","title":{"rendered":"EUROREPAR 1682315480 C\u0130TROEN C-ELYSEE &#8211; C3 &#8211; C4 \u00d6N FREN BALATASI"},"content":{"rendered":"<p>\u00dcR\u00dcN C\u0130TROEN C-ELYSEE \/ C3 \/ C4 (14 \u0130N\u00c7) MODELLER\u0130NE UYGUNDUR. <\/p>\n<p>TEKN\u0130K B\u0130LG\u0130: <\/p>\n<p>KALINLIK (MM): 18,8<br \/>\nY\u00dcKSEKL\u0130K (MM): 52<br \/>\nGEN\u0130\u015eL\u0130K (MM): 137<\/p>\n","protected":false},"excerpt":{"rendered":"<p>\u00dcR\u00dcN C\u0130TROEN C-ELYSEE \/ C3 \/ C4 (14 \u0130N\u00c7) MODELLER\u0130NE UYGUNDUR. TEKN\u0130K B\u0130LG\u0130: KALINLIK (MM): 18,8 Y\u00dcKSEKL\u0130K (MM): 52 GEN\u0130\u015eL\u0130K (MM): 137<\/p>\n","protected":false},"featured_media":6376,"template":"","meta":[],"product_brand":[341],"product_cat":[257],"product_tag":[],"class_list":{"0":"post-6375","1":"product","2":"type-product","3":"status-publish","4":"has-post-thumbnail","6":"arac_markasi_modeli-c3","7":"arac_markasi_modeli-c4","8":"arac_markasi_modeli-citroen","9":"product_brand-eurorepar","10":"product_cat-fren-sistemi-urunleri","12":"first","13":"instock","14":"taxable","15":"shipping-taxable","16":"purchasable","17":"product-type-simple"},"jetpack_sharing_enabled":true,"_links":{"self":[{"href":"https:\/\/ozince.com\/magaza\/wp-json\/wp\/v2\/product\/6375","targetHints":{"allow":["GET"]}}],"collection":[{"href":"https:\/\/ozince.com\/magaza\/wp-json\/wp\/v2\/product"}],"about":[{"href":"https:\/\/ozince.com\/magaza\/wp-json\/wp\/v2\/types\/product"}],"wp:featuredmedia":[{"embeddable":true,"href":"https:\/\/ozince.com\/magaza\/wp-json\/wp\/v2\/media\/6376"}],"wp:attachment":[{"href":"https:\/\/ozince.com\/magaza\/wp-json\/wp\/v2\/media?parent=6375"}],"wp:term":[{"taxonomy":"product_brand","embeddable":true,"href":"https:\/\/ozince.com\/magaza\/wp-json\/wp\/v2\/product_brand?post=6375"},{"taxonomy":"product_cat","embeddable":true,"href":"https:\/\/ozince.com\/magaza\/wp-json\/wp\/v2\/product_cat?post=6375"},{"taxonomy":"product_tag","embeddable":true,"href":"https:\/\/ozince.com\/magaza\/wp-json\/wp\/v2\/product_tag?post=6375"}],"curies":[{"name":"wp","href":"https:\/\/api.w.org\/{rel}","templated":true}]}}