{"id":6367,"date":"2025-09-27T12:34:55","date_gmt":"2025-09-27T09:34:55","guid":{"rendered":"https:\/\/ozince.com\/magaza\/kategorilenmemis\/delphi-ls1622-opel-corsa-c-vectra-a-arka-balata-kampana\/"},"modified":"2025-09-27T12:34:58","modified_gmt":"2025-09-27T09:34:58","slug":"delphi-ls1622-opel-corsa-c-vectra-a-arka-balata-kampana","status":"publish","type":"product","link":"https:\/\/ozince.com\/magaza\/fren-sistemi-urunleri\/delphi-ls1622-opel-corsa-c-vectra-a-arka-balata-kampana\/","title":{"rendered":"DELPH\u0130 LS1622 OPEL CORSA C &#8211; VECTRA A ARKA BALATA (KAMPANA)"},"content":{"rendered":"<p>\u00dcR\u00dcN OPEL CORSA C \/ ASTRA F \/ VECTRA A KAMPANALI ABS&#8217;L\u0130 MODELLER\u0130NE UYGUNDUR.<\/p>\n","protected":false},"excerpt":{"rendered":"<p>\u00dcR\u00dcN OPEL CORSA C \/ ASTRA F \/ VECTRA A KAMPANALI ABS&#8217;L\u0130 MODELLER\u0130NE UYGUNDUR.<\/p>\n","protected":false},"featured_media":6368,"template":"","meta":[],"product_brand":[236],"product_cat":[257],"product_tag":[],"class_list":{"0":"post-6367","1":"product","2":"type-product","3":"status-publish","4":"has-post-thumbnail","6":"arac_markasi_modeli-corsa-c","7":"arac_markasi_modeli-opel","8":"arac_markasi_modeli-vectra-a","9":"product_brand-delphi","10":"product_cat-fren-sistemi-urunleri","12":"first","13":"instock","14":"taxable","15":"shipping-taxable","16":"purchasable","17":"product-type-simple"},"jetpack_sharing_enabled":true,"_links":{"self":[{"href":"https:\/\/ozince.com\/magaza\/wp-json\/wp\/v2\/product\/6367","targetHints":{"allow":["GET"]}}],"collection":[{"href":"https:\/\/ozince.com\/magaza\/wp-json\/wp\/v2\/product"}],"about":[{"href":"https:\/\/ozince.com\/magaza\/wp-json\/wp\/v2\/types\/product"}],"wp:featuredmedia":[{"embeddable":true,"href":"https:\/\/ozince.com\/magaza\/wp-json\/wp\/v2\/media\/6368"}],"wp:attachment":[{"href":"https:\/\/ozince.com\/magaza\/wp-json\/wp\/v2\/media?parent=6367"}],"wp:term":[{"taxonomy":"product_brand","embeddable":true,"href":"https:\/\/ozince.com\/magaza\/wp-json\/wp\/v2\/product_brand?post=6367"},{"taxonomy":"product_cat","embeddable":true,"href":"https:\/\/ozince.com\/magaza\/wp-json\/wp\/v2\/product_cat?post=6367"},{"taxonomy":"product_tag","embeddable":true,"href":"https:\/\/ozince.com\/magaza\/wp-json\/wp\/v2\/product_tag?post=6367"}],"curies":[{"name":"wp","href":"https:\/\/api.w.org\/{rel}","templated":true}]}}