{"id":6343,"date":"2025-09-27T12:34:33","date_gmt":"2025-09-27T09:34:33","guid":{"rendered":"https:\/\/ozince.com\/magaza\/kategorilenmemis\/delphi-lp1989-opel-corsa-d-on-fren-balatasi\/"},"modified":"2025-09-27T12:34:45","modified_gmt":"2025-09-27T09:34:45","slug":"delphi-lp1989-opel-corsa-d-on-fren-balatasi","status":"publish","type":"product","link":"https:\/\/ozince.com\/magaza\/fren-sistemi-urunleri\/delphi-lp1989-opel-corsa-d-on-fren-balatasi\/","title":{"rendered":"DELPH\u0130 LP1989 OPEL CORSA D \u00d6N FREN BALATASI"},"content":{"rendered":"<p>TEKN\u0130K B\u0130LG\u0130: <\/p>\n<p>KALINLIK (MM): 18<br \/>\nY\u00dcKSEKL\u0130K (MM): 53<br \/>\nGEN\u0130\u015eL\u0130K (MM): 123<\/p>\n","protected":false},"excerpt":{"rendered":"<p>TEKN\u0130K B\u0130LG\u0130: KALINLIK (MM): 18 Y\u00dcKSEKL\u0130K (MM): 53 GEN\u0130\u015eL\u0130K (MM): 123<\/p>\n","protected":false},"featured_media":6344,"template":"","meta":[],"product_brand":[236],"product_cat":[257],"product_tag":[],"class_list":{"0":"post-6343","1":"product","2":"type-product","3":"status-publish","4":"has-post-thumbnail","6":"arac_markasi_modeli-corsa-d","7":"arac_markasi_modeli-opel","8":"product_brand-delphi","9":"product_cat-fren-sistemi-urunleri","11":"first","12":"instock","13":"taxable","14":"shipping-taxable","15":"purchasable","16":"product-type-simple"},"jetpack_sharing_enabled":true,"_links":{"self":[{"href":"https:\/\/ozince.com\/magaza\/wp-json\/wp\/v2\/product\/6343","targetHints":{"allow":["GET"]}}],"collection":[{"href":"https:\/\/ozince.com\/magaza\/wp-json\/wp\/v2\/product"}],"about":[{"href":"https:\/\/ozince.com\/magaza\/wp-json\/wp\/v2\/types\/product"}],"wp:featuredmedia":[{"embeddable":true,"href":"https:\/\/ozince.com\/magaza\/wp-json\/wp\/v2\/media\/6344"}],"wp:attachment":[{"href":"https:\/\/ozince.com\/magaza\/wp-json\/wp\/v2\/media?parent=6343"}],"wp:term":[{"taxonomy":"product_brand","embeddable":true,"href":"https:\/\/ozince.com\/magaza\/wp-json\/wp\/v2\/product_brand?post=6343"},{"taxonomy":"product_cat","embeddable":true,"href":"https:\/\/ozince.com\/magaza\/wp-json\/wp\/v2\/product_cat?post=6343"},{"taxonomy":"product_tag","embeddable":true,"href":"https:\/\/ozince.com\/magaza\/wp-json\/wp\/v2\/product_tag?post=6343"}],"curies":[{"name":"wp","href":"https:\/\/api.w.org\/{rel}","templated":true}]}}