{"id":6315,"date":"2025-09-27T12:34:17","date_gmt":"2025-09-27T09:34:17","guid":{"rendered":"https:\/\/ozince.com\/magaza\/kategorilenmemis\/bosch-0986494564-peugeot-208-2008-on-fren-balatasi-15-inc\/"},"modified":"2025-09-27T12:34:29","modified_gmt":"2025-09-27T09:34:29","slug":"bosch-0986494564-peugeot-208-2008-on-fren-balatasi-15-inc","status":"publish","type":"product","link":"https:\/\/ozince.com\/magaza\/fren-sistemi-urunleri\/bosch-0986494564-peugeot-208-2008-on-fren-balatasi-15-inc\/","title":{"rendered":"BOSCH 0986494564 PEUGEOT 208 &#8211; 2008 \u00d6N FREN BALATASI (15 \u0130N\u00c7)"},"content":{"rendered":"<p>\u00dcR\u00dcN PEUGEOT 208 \/ 2008 (15 \u0130N\u00c7) MODELLER\u0130NE UYGUNDUR. <\/p>\n<p>TEKN\u0130K B\u0130LG\u0130: <\/p>\n<p>KALINLIK (MM): 18<br \/>\nGEN\u0130\u015eL\u0130K (MM): 136,7<br \/>\nY\u00dcKSEKL\u0130K (MM): 59,2<\/p>\n","protected":false},"excerpt":{"rendered":"<p>\u00dcR\u00dcN PEUGEOT 208 \/ 2008 (15 \u0130N\u00c7) MODELLER\u0130NE UYGUNDUR. TEKN\u0130K B\u0130LG\u0130: KALINLIK (MM): 18 GEN\u0130\u015eL\u0130K (MM): 136,7 Y\u00dcKSEKL\u0130K (MM): 59,2<\/p>\n","protected":false},"featured_media":6312,"template":"","meta":[],"product_brand":[190],"product_cat":[257],"product_tag":[],"class_list":{"0":"post-6315","1":"product","2":"type-product","3":"status-publish","4":"has-post-thumbnail","6":"arac_markasi_modeli-208-2008","7":"arac_markasi_modeli-peugeot","8":"product_brand-bosch","9":"product_cat-fren-sistemi-urunleri","11":"first","12":"instock","13":"taxable","14":"shipping-taxable","15":"purchasable","16":"product-type-simple"},"jetpack_sharing_enabled":true,"_links":{"self":[{"href":"https:\/\/ozince.com\/magaza\/wp-json\/wp\/v2\/product\/6315","targetHints":{"allow":["GET"]}}],"collection":[{"href":"https:\/\/ozince.com\/magaza\/wp-json\/wp\/v2\/product"}],"about":[{"href":"https:\/\/ozince.com\/magaza\/wp-json\/wp\/v2\/types\/product"}],"wp:featuredmedia":[{"embeddable":true,"href":"https:\/\/ozince.com\/magaza\/wp-json\/wp\/v2\/media\/6312"}],"wp:attachment":[{"href":"https:\/\/ozince.com\/magaza\/wp-json\/wp\/v2\/media?parent=6315"}],"wp:term":[{"taxonomy":"product_brand","embeddable":true,"href":"https:\/\/ozince.com\/magaza\/wp-json\/wp\/v2\/product_brand?post=6315"},{"taxonomy":"product_cat","embeddable":true,"href":"https:\/\/ozince.com\/magaza\/wp-json\/wp\/v2\/product_cat?post=6315"},{"taxonomy":"product_tag","embeddable":true,"href":"https:\/\/ozince.com\/magaza\/wp-json\/wp\/v2\/product_tag?post=6315"}],"curies":[{"name":"wp","href":"https:\/\/api.w.org\/{rel}","templated":true}]}}