{"id":6299,"date":"2025-09-27T12:34:17","date_gmt":"2025-09-27T09:34:17","guid":{"rendered":"https:\/\/ozince.com\/magaza\/kategorilenmemis\/bosch-0986424527-opel-corsa-c-combo-c-on-fren-balatasi\/"},"modified":"2025-09-27T12:34:22","modified_gmt":"2025-09-27T09:34:22","slug":"bosch-0986424527-opel-corsa-c-combo-c-on-fren-balatasi","status":"publish","type":"product","link":"https:\/\/ozince.com\/magaza\/fren-sistemi-urunleri\/bosch-0986424527-opel-corsa-c-combo-c-on-fren-balatasi\/","title":{"rendered":"BOSCH 0986424527 OPEL CORSA C &#8211; COMBO C \u00d6N FREN BALATASI"},"content":{"rendered":"<p>\u00dcR\u00dcN OPEL CORSA C \/ COMBO C \/ MER\u0130VA A MODELLER\u0130NE UYGUNDUR. <\/p>\n<p>TEKN\u0130K B\u0130LG\u0130: <\/p>\n<p>GEN\u0130\u015eL\u0130K (MM): 132<br \/>\nY\u00dcKSEKL\u0130K (MM): 55-52<br \/>\nKALINLIK (MM): 16<\/p>\n","protected":false},"excerpt":{"rendered":"<p>\u00dcR\u00dcN OPEL CORSA C \/ COMBO C \/ MER\u0130VA A MODELLER\u0130NE UYGUNDUR. TEKN\u0130K B\u0130LG\u0130: GEN\u0130\u015eL\u0130K (MM): 132 Y\u00dcKSEKL\u0130K (MM): 55-52 KALINLIK (MM): 16<\/p>\n","protected":false},"featured_media":6300,"template":"","meta":[],"product_brand":[190],"product_cat":[257],"product_tag":[],"class_list":{"0":"post-6299","1":"product","2":"type-product","3":"status-publish","4":"has-post-thumbnail","6":"arac_markasi_modeli-combo-c","7":"arac_markasi_modeli-corsa-c","8":"arac_markasi_modeli-opel","9":"product_brand-bosch","10":"product_cat-fren-sistemi-urunleri","12":"first","13":"instock","14":"taxable","15":"shipping-taxable","16":"purchasable","17":"product-type-simple"},"jetpack_sharing_enabled":true,"_links":{"self":[{"href":"https:\/\/ozince.com\/magaza\/wp-json\/wp\/v2\/product\/6299","targetHints":{"allow":["GET"]}}],"collection":[{"href":"https:\/\/ozince.com\/magaza\/wp-json\/wp\/v2\/product"}],"about":[{"href":"https:\/\/ozince.com\/magaza\/wp-json\/wp\/v2\/types\/product"}],"wp:featuredmedia":[{"embeddable":true,"href":"https:\/\/ozince.com\/magaza\/wp-json\/wp\/v2\/media\/6300"}],"wp:attachment":[{"href":"https:\/\/ozince.com\/magaza\/wp-json\/wp\/v2\/media?parent=6299"}],"wp:term":[{"taxonomy":"product_brand","embeddable":true,"href":"https:\/\/ozince.com\/magaza\/wp-json\/wp\/v2\/product_brand?post=6299"},{"taxonomy":"product_cat","embeddable":true,"href":"https:\/\/ozince.com\/magaza\/wp-json\/wp\/v2\/product_cat?post=6299"},{"taxonomy":"product_tag","embeddable":true,"href":"https:\/\/ozince.com\/magaza\/wp-json\/wp\/v2\/product_tag?post=6299"}],"curies":[{"name":"wp","href":"https:\/\/api.w.org\/{rel}","templated":true}]}}