{"id":6287,"date":"2025-09-27T12:34:17","date_gmt":"2025-09-27T09:34:17","guid":{"rendered":"https:\/\/ozince.com\/magaza\/kategorilenmemis\/ayd-60096-opel-corsa-b-astra-f-1-6-on-fren-balatasi\/"},"modified":"2025-09-27T12:34:19","modified_gmt":"2025-09-27T09:34:19","slug":"ayd-60096-opel-corsa-b-astra-f-1-6-on-fren-balatasi","status":"publish","type":"product","link":"https:\/\/ozince.com\/magaza\/fren-sistemi-urunleri\/ayd-60096-opel-corsa-b-astra-f-1-6-on-fren-balatasi\/","title":{"rendered":"AYD 60096 OPEL CORSA B &#8211; ASTRA F 1.6 \u00d6N FREN BALATASI"},"content":{"rendered":"<p>\u00dcR\u00dcN OPEL CORSA B \/ ASTRA F \/ VECTRA A MODELLER\u0130NE UYGUNDUR. <\/p>\n<p>TEKN\u0130K B\u0130LG\u0130: <\/p>\n<p>GEN\u0130\u015eL\u0130K (MM): 140-141<br \/>\nY\u00dcKSEKL\u0130K (MM): 58-48<br \/>\nKALINLIK (MM): 16<\/p>\n","protected":false},"excerpt":{"rendered":"<p>\u00dcR\u00dcN OPEL CORSA B \/ ASTRA F \/ VECTRA A MODELLER\u0130NE UYGUNDUR. TEKN\u0130K B\u0130LG\u0130: GEN\u0130\u015eL\u0130K (MM): 140-141 Y\u00dcKSEKL\u0130K (MM): 58-48 KALINLIK (MM): 16<\/p>\n","protected":false},"featured_media":6288,"template":"","meta":[],"product_brand":[235],"product_cat":[257],"product_tag":[],"class_list":{"0":"post-6287","1":"product","2":"type-product","3":"status-publish","4":"has-post-thumbnail","6":"arac_markasi_modeli-astra-f","7":"arac_markasi_modeli-corsa-b","8":"arac_markasi_modeli-opel","9":"product_brand-ayd","10":"product_cat-fren-sistemi-urunleri","12":"first","13":"instock","14":"taxable","15":"shipping-taxable","16":"purchasable","17":"product-type-simple"},"jetpack_sharing_enabled":true,"_links":{"self":[{"href":"https:\/\/ozince.com\/magaza\/wp-json\/wp\/v2\/product\/6287","targetHints":{"allow":["GET"]}}],"collection":[{"href":"https:\/\/ozince.com\/magaza\/wp-json\/wp\/v2\/product"}],"about":[{"href":"https:\/\/ozince.com\/magaza\/wp-json\/wp\/v2\/types\/product"}],"wp:featuredmedia":[{"embeddable":true,"href":"https:\/\/ozince.com\/magaza\/wp-json\/wp\/v2\/media\/6288"}],"wp:attachment":[{"href":"https:\/\/ozince.com\/magaza\/wp-json\/wp\/v2\/media?parent=6287"}],"wp:term":[{"taxonomy":"product_brand","embeddable":true,"href":"https:\/\/ozince.com\/magaza\/wp-json\/wp\/v2\/product_brand?post=6287"},{"taxonomy":"product_cat","embeddable":true,"href":"https:\/\/ozince.com\/magaza\/wp-json\/wp\/v2\/product_cat?post=6287"},{"taxonomy":"product_tag","embeddable":true,"href":"https:\/\/ozince.com\/magaza\/wp-json\/wp\/v2\/product_tag?post=6287"}],"curies":[{"name":"wp","href":"https:\/\/api.w.org\/{rel}","templated":true}]}}