{"id":6283,"date":"2025-09-27T12:34:17","date_gmt":"2025-09-27T09:34:17","guid":{"rendered":"https:\/\/ozince.com\/magaza\/kategorilenmemis\/ayd-11-60254a-opel-corsa-e-on-fren-balatasi-14-inc\/"},"modified":"2025-09-27T12:34:18","modified_gmt":"2025-09-27T09:34:18","slug":"ayd-11-60254a-opel-corsa-e-on-fren-balatasi-14-inc","status":"publish","type":"product","link":"https:\/\/ozince.com\/magaza\/fren-sistemi-urunleri\/ayd-11-60254a-opel-corsa-e-on-fren-balatasi-14-inc\/","title":{"rendered":"AYD 11-60254A OPEL CORSA E \u00d6N FREN BALATASI (14 \u0130N\u00c7)"},"content":{"rendered":"<p>\u00dcR\u00dcN OPEL CORSA E (14 \u0130N\u00c7) MODEL\u0130NE UYGUNDUR. <\/p>\n<p>TEKN\u0130K B\u0130LG\u0130: <\/p>\n<p>KALINLIK (MM): 17,1<br \/>\nY\u00dcKSEKL\u0130K (MM): 52,5<br \/>\nGEN\u0130\u015eL\u0130K (MM): 155,3<\/p>\n","protected":false},"excerpt":{"rendered":"<p>\u00dcR\u00dcN OPEL CORSA E (14 \u0130N\u00c7) MODEL\u0130NE UYGUNDUR. TEKN\u0130K B\u0130LG\u0130: KALINLIK (MM): 17,1 Y\u00dcKSEKL\u0130K (MM): 52,5 GEN\u0130\u015eL\u0130K (MM): 155,3<\/p>\n","protected":false},"featured_media":6284,"template":"","meta":[],"product_brand":[235],"product_cat":[257],"product_tag":[],"class_list":{"0":"post-6283","1":"product","2":"type-product","3":"status-publish","4":"has-post-thumbnail","6":"arac_markasi_modeli-corsa-e","7":"arac_markasi_modeli-opel","8":"product_brand-ayd","9":"product_cat-fren-sistemi-urunleri","11":"first","12":"instock","13":"taxable","14":"shipping-taxable","15":"purchasable","16":"product-type-simple"},"jetpack_sharing_enabled":true,"_links":{"self":[{"href":"https:\/\/ozince.com\/magaza\/wp-json\/wp\/v2\/product\/6283","targetHints":{"allow":["GET"]}}],"collection":[{"href":"https:\/\/ozince.com\/magaza\/wp-json\/wp\/v2\/product"}],"about":[{"href":"https:\/\/ozince.com\/magaza\/wp-json\/wp\/v2\/types\/product"}],"wp:featuredmedia":[{"embeddable":true,"href":"https:\/\/ozince.com\/magaza\/wp-json\/wp\/v2\/media\/6284"}],"wp:attachment":[{"href":"https:\/\/ozince.com\/magaza\/wp-json\/wp\/v2\/media?parent=6283"}],"wp:term":[{"taxonomy":"product_brand","embeddable":true,"href":"https:\/\/ozince.com\/magaza\/wp-json\/wp\/v2\/product_brand?post=6283"},{"taxonomy":"product_cat","embeddable":true,"href":"https:\/\/ozince.com\/magaza\/wp-json\/wp\/v2\/product_cat?post=6283"},{"taxonomy":"product_tag","embeddable":true,"href":"https:\/\/ozince.com\/magaza\/wp-json\/wp\/v2\/product_tag?post=6283"}],"curies":[{"name":"wp","href":"https:\/\/api.w.org\/{rel}","templated":true}]}}