{"id":6281,"date":"2025-09-27T12:34:17","date_gmt":"2025-09-27T09:34:17","guid":{"rendered":"https:\/\/ozince.com\/magaza\/kategorilenmemis\/ayd-11-60076a-opel-mokka-astra-j-arka-fren-balatasi\/"},"modified":"2025-09-27T12:34:18","modified_gmt":"2025-09-27T09:34:18","slug":"ayd-11-60076a-opel-mokka-astra-j-arka-fren-balatasi","status":"publish","type":"product","link":"https:\/\/ozince.com\/magaza\/fren-sistemi-urunleri\/ayd-11-60076a-opel-mokka-astra-j-arka-fren-balatasi\/","title":{"rendered":"AYD 11-60076A OPEL MOKKA &#8211; ASTRA J ARKA FREN BALATASI"},"content":{"rendered":"<p>\u00dcR\u00dcN OPEL ASTRA J \/ CHEVROLET CRUZE MODELLER\u0130NE UYGUNDUR. <\/p>\n<p>TEKN\u0130K B\u0130LG\u0130: <\/p>\n<p>GEN\u0130\u015eL\u0130K (MM): 117<br \/>\nY\u00dcKSEKL\u0130K (MM): 43<br \/>\nKALINLIK (MM): 17<\/p>\n","protected":false},"excerpt":{"rendered":"<p>\u00dcR\u00dcN OPEL ASTRA J \/ CHEVROLET CRUZE MODELLER\u0130NE UYGUNDUR. TEKN\u0130K B\u0130LG\u0130: GEN\u0130\u015eL\u0130K (MM): 117 Y\u00dcKSEKL\u0130K (MM): 43 KALINLIK (MM): 17<\/p>\n","protected":false},"featured_media":6282,"template":"","meta":[],"product_brand":[235],"product_cat":[257],"product_tag":[],"class_list":{"0":"post-6281","1":"product","2":"type-product","3":"status-publish","4":"has-post-thumbnail","6":"arac_markasi_modeli-astra-j","7":"arac_markasi_modeli-opel","8":"product_brand-ayd","9":"product_cat-fren-sistemi-urunleri","11":"first","12":"instock","13":"taxable","14":"shipping-taxable","15":"purchasable","16":"product-type-simple"},"jetpack_sharing_enabled":true,"_links":{"self":[{"href":"https:\/\/ozince.com\/magaza\/wp-json\/wp\/v2\/product\/6281","targetHints":{"allow":["GET"]}}],"collection":[{"href":"https:\/\/ozince.com\/magaza\/wp-json\/wp\/v2\/product"}],"about":[{"href":"https:\/\/ozince.com\/magaza\/wp-json\/wp\/v2\/types\/product"}],"wp:featuredmedia":[{"embeddable":true,"href":"https:\/\/ozince.com\/magaza\/wp-json\/wp\/v2\/media\/6282"}],"wp:attachment":[{"href":"https:\/\/ozince.com\/magaza\/wp-json\/wp\/v2\/media?parent=6281"}],"wp:term":[{"taxonomy":"product_brand","embeddable":true,"href":"https:\/\/ozince.com\/magaza\/wp-json\/wp\/v2\/product_brand?post=6281"},{"taxonomy":"product_cat","embeddable":true,"href":"https:\/\/ozince.com\/magaza\/wp-json\/wp\/v2\/product_cat?post=6281"},{"taxonomy":"product_tag","embeddable":true,"href":"https:\/\/ozince.com\/magaza\/wp-json\/wp\/v2\/product_tag?post=6281"}],"curies":[{"name":"wp","href":"https:\/\/api.w.org\/{rel}","templated":true}]}}