{"id":6233,"date":"2025-09-18T11:25:28","date_gmt":"2025-09-18T08:25:28","guid":{"rendered":"https:\/\/ozince.com\/magaza\/kategorilenmemis\/mopar-9812113780-peugeot-208-308-3008-1-5-bluehdi-termostat\/"},"modified":"2025-09-18T11:25:31","modified_gmt":"2025-09-18T08:25:31","slug":"mopar-9812113780-peugeot-208-308-3008-1-5-bluehdi-termostat","status":"publish","type":"product","link":"https:\/\/ozince.com\/magaza\/motor-sogutma-ve-radyator-urunleri\/mopar-9812113780-peugeot-208-308-3008-1-5-bluehdi-termostat\/","title":{"rendered":"MOPAR 9812113780 PEUGEOT 208 &#8211; 308 &#8211; 3008 1.5 BLUEHD\u0130 TERMOSTAT"},"content":{"rendered":"<p>\u00dcR\u00dcN PEUGEOT 208 \/ 308 \/ 508 \/ 2008 \/ 3008 \/ 5008 1.5 BLUEHD\u0130 D\u0130ZEL MODELLER\u0130NE UYGUNDUR.<\/p>\n","protected":false},"excerpt":{"rendered":"<p>\u00dcR\u00dcN PEUGEOT 208 \/ 308 \/ 508 \/ 2008 \/ 3008 \/ 5008 1.5 BLUEHD\u0130 D\u0130ZEL MODELLER\u0130NE UYGUNDUR.<\/p>\n","protected":false},"featured_media":6228,"template":"","meta":[],"product_brand":[305],"product_cat":[324],"product_tag":[],"class_list":{"0":"post-6233","1":"product","2":"type-product","3":"status-publish","4":"has-post-thumbnail","6":"arac_markasi_modeli-282","7":"arac_markasi_modeli-249","8":"arac_markasi_modeli-302","9":"arac_markasi_modeli-peugeot","10":"product_brand-mopar","11":"product_cat-motor-sogutma-ve-radyator-urunleri","13":"first","14":"instock","15":"taxable","16":"shipping-taxable","17":"purchasable","18":"product-type-simple"},"jetpack_sharing_enabled":true,"_links":{"self":[{"href":"https:\/\/ozince.com\/magaza\/wp-json\/wp\/v2\/product\/6233","targetHints":{"allow":["GET"]}}],"collection":[{"href":"https:\/\/ozince.com\/magaza\/wp-json\/wp\/v2\/product"}],"about":[{"href":"https:\/\/ozince.com\/magaza\/wp-json\/wp\/v2\/types\/product"}],"wp:featuredmedia":[{"embeddable":true,"href":"https:\/\/ozince.com\/magaza\/wp-json\/wp\/v2\/media\/6228"}],"wp:attachment":[{"href":"https:\/\/ozince.com\/magaza\/wp-json\/wp\/v2\/media?parent=6233"}],"wp:term":[{"taxonomy":"product_brand","embeddable":true,"href":"https:\/\/ozince.com\/magaza\/wp-json\/wp\/v2\/product_brand?post=6233"},{"taxonomy":"product_cat","embeddable":true,"href":"https:\/\/ozince.com\/magaza\/wp-json\/wp\/v2\/product_cat?post=6233"},{"taxonomy":"product_tag","embeddable":true,"href":"https:\/\/ozince.com\/magaza\/wp-json\/wp\/v2\/product_tag?post=6233"}],"curies":[{"name":"wp","href":"https:\/\/api.w.org\/{rel}","templated":true}]}}