{"id":6232,"date":"2025-09-18T11:25:28","date_gmt":"2025-09-18T08:25:28","guid":{"rendered":"https:\/\/ozince.com\/magaza\/kategorilenmemis\/mopar-9812113780-opel-crossland-x-astra-l-1-5-bluehdi-termostat\/"},"modified":"2025-09-18T11:25:30","modified_gmt":"2025-09-18T08:25:30","slug":"mopar-9812113780-opel-crossland-x-astra-l-1-5-bluehdi-termostat","status":"publish","type":"product","link":"https:\/\/ozince.com\/magaza\/motor-sogutma-ve-radyator-urunleri\/mopar-9812113780-opel-crossland-x-astra-l-1-5-bluehdi-termostat\/","title":{"rendered":"MOPAR 9812113780 OPEL CROSSLAND X &#8211; ASTRA L 1.5 BLUEHD\u0130 TERMOSTAT"},"content":{"rendered":"<p>\u00dcR\u00dcN OPEL CORSA F \/ CROSSLAND X \/ COMBO E \/ ASTRA L 1.5 BLUEHD\u0130 D\u0130ZEL MODELLER\u0130NE UYGUNDUR.<\/p>\n","protected":false},"excerpt":{"rendered":"<p>\u00dcR\u00dcN OPEL CORSA F \/ CROSSLAND X \/ COMBO E \/ ASTRA L 1.5 BLUEHD\u0130 D\u0130ZEL MODELLER\u0130NE UYGUNDUR.<\/p>\n","protected":false},"featured_media":6228,"template":"","meta":[],"product_brand":[305],"product_cat":[324],"product_tag":[],"class_list":{"0":"post-6232","1":"product","2":"type-product","3":"status-publish","4":"has-post-thumbnail","6":"arac_markasi_modeli-astra-l","7":"arac_markasi_modeli-crossland-x","8":"arac_markasi_modeli-opel","9":"product_brand-mopar","10":"product_cat-motor-sogutma-ve-radyator-urunleri","12":"first","13":"instock","14":"taxable","15":"shipping-taxable","16":"purchasable","17":"product-type-simple"},"jetpack_sharing_enabled":true,"_links":{"self":[{"href":"https:\/\/ozince.com\/magaza\/wp-json\/wp\/v2\/product\/6232","targetHints":{"allow":["GET"]}}],"collection":[{"href":"https:\/\/ozince.com\/magaza\/wp-json\/wp\/v2\/product"}],"about":[{"href":"https:\/\/ozince.com\/magaza\/wp-json\/wp\/v2\/types\/product"}],"wp:featuredmedia":[{"embeddable":true,"href":"https:\/\/ozince.com\/magaza\/wp-json\/wp\/v2\/media\/6228"}],"wp:attachment":[{"href":"https:\/\/ozince.com\/magaza\/wp-json\/wp\/v2\/media?parent=6232"}],"wp:term":[{"taxonomy":"product_brand","embeddable":true,"href":"https:\/\/ozince.com\/magaza\/wp-json\/wp\/v2\/product_brand?post=6232"},{"taxonomy":"product_cat","embeddable":true,"href":"https:\/\/ozince.com\/magaza\/wp-json\/wp\/v2\/product_cat?post=6232"},{"taxonomy":"product_tag","embeddable":true,"href":"https:\/\/ozince.com\/magaza\/wp-json\/wp\/v2\/product_tag?post=6232"}],"curies":[{"name":"wp","href":"https:\/\/api.w.org\/{rel}","templated":true}]}}