{"id":6222,"date":"2025-09-17T14:35:54","date_gmt":"2025-09-17T11:35:54","guid":{"rendered":"https:\/\/ozince.com\/magaza\/kategorilenmemis\/wunder-wh-318-opel-corsa-d-e-1-2-1-4-benzinli-hava-filtresi\/"},"modified":"2025-09-17T14:35:59","modified_gmt":"2025-09-17T11:35:59","slug":"wunder-wh-318-opel-corsa-d-e-1-2-1-4-benzinli-hava-filtresi","status":"publish","type":"product","link":"https:\/\/ozince.com\/magaza\/periyodik-bakim-ve-filtre-urunleri\/wunder-wh-318-opel-corsa-d-e-1-2-1-4-benzinli-hava-filtresi\/","title":{"rendered":"WUNDER WH 318 OPEL CORSA D-E 1.2-1.4 BENZ\u0130NL\u0130 HAVA F\u0130LTRES\u0130"},"content":{"rendered":"<p>\u00dcR\u00dcN OPEL CORSA D \/ CORSA E 1.2 \/ 1.4 BENZ\u0130NL\u0130 MODELLER\u0130NE UYGUNDUR.<\/p>\n","protected":false},"excerpt":{"rendered":"<p>\u00dcR\u00dcN OPEL CORSA D \/ CORSA E 1.2 \/ 1.4 BENZ\u0130NL\u0130 MODELLER\u0130NE UYGUNDUR.<\/p>\n","protected":false},"featured_media":6223,"template":"","meta":[],"product_brand":[358],"product_cat":[352],"product_tag":[],"class_list":{"0":"post-6222","1":"product","2":"type-product","3":"status-publish","4":"has-post-thumbnail","6":"arac_markasi_modeli-corsa-d","7":"arac_markasi_modeli-corsa-e","8":"arac_markasi_modeli-opel","9":"product_brand-wunder","10":"product_cat-periyodik-bakim-ve-filtre-urunleri","12":"first","13":"instock","14":"taxable","15":"shipping-taxable","16":"purchasable","17":"product-type-simple"},"jetpack_sharing_enabled":true,"_links":{"self":[{"href":"https:\/\/ozince.com\/magaza\/wp-json\/wp\/v2\/product\/6222","targetHints":{"allow":["GET"]}}],"collection":[{"href":"https:\/\/ozince.com\/magaza\/wp-json\/wp\/v2\/product"}],"about":[{"href":"https:\/\/ozince.com\/magaza\/wp-json\/wp\/v2\/types\/product"}],"wp:featuredmedia":[{"embeddable":true,"href":"https:\/\/ozince.com\/magaza\/wp-json\/wp\/v2\/media\/6223"}],"wp:attachment":[{"href":"https:\/\/ozince.com\/magaza\/wp-json\/wp\/v2\/media?parent=6222"}],"wp:term":[{"taxonomy":"product_brand","embeddable":true,"href":"https:\/\/ozince.com\/magaza\/wp-json\/wp\/v2\/product_brand?post=6222"},{"taxonomy":"product_cat","embeddable":true,"href":"https:\/\/ozince.com\/magaza\/wp-json\/wp\/v2\/product_cat?post=6222"},{"taxonomy":"product_tag","embeddable":true,"href":"https:\/\/ozince.com\/magaza\/wp-json\/wp\/v2\/product_tag?post=6222"}],"curies":[{"name":"wp","href":"https:\/\/api.w.org\/{rel}","templated":true}]}}