{"id":6207,"date":"2025-09-17T14:35:54","date_gmt":"2025-09-17T11:35:54","guid":{"rendered":"https:\/\/ozince.com\/magaza\/kategorilenmemis\/motocar-7300-138-1sp-peugeot-208-308-508-1-5-bluehdi-hava-filtresi\/"},"modified":"2025-09-17T14:35:54","modified_gmt":"2025-09-17T11:35:54","slug":"motocar-7300-138-1sp-peugeot-208-308-508-1-5-bluehdi-hava-filtresi","status":"publish","type":"product","link":"https:\/\/ozince.com\/magaza\/periyodik-bakim-ve-filtre-urunleri\/motocar-7300-138-1sp-peugeot-208-308-508-1-5-bluehdi-hava-filtresi\/","title":{"rendered":"MOTOCAR 7300\/138 1SP PEUGEOT 208 &#8211; 308 &#8211; 508 1.5 BLUEHD\u0130 HAVA F\u0130LTRES\u0130"},"content":{"rendered":"<p>\u00dcR\u00dcN PEUGEOT 208 \/ 308 \/ 3008 \/ 5008 \/ PARTNER 1.5 D\u0130ZEL MODELLER\u0130NE UYGUNDUR.<\/p>\n","protected":false},"excerpt":{"rendered":"<p>\u00dcR\u00dcN PEUGEOT 208 \/ 308 \/ 3008 \/ 5008 \/ PARTNER 1.5 D\u0130ZEL MODELLER\u0130NE UYGUNDUR.<\/p>\n","protected":false},"featured_media":6204,"template":"","meta":[],"product_brand":[355],"product_cat":[352],"product_tag":[],"class_list":{"0":"post-6207","1":"product","2":"type-product","3":"status-publish","4":"has-post-thumbnail","6":"arac_markasi_modeli-282","7":"arac_markasi_modeli-302","8":"arac_markasi_modeli-363","9":"arac_markasi_modeli-peugeot","10":"product_brand-motocar","11":"product_cat-periyodik-bakim-ve-filtre-urunleri","13":"first","14":"instock","15":"taxable","16":"shipping-taxable","17":"purchasable","18":"product-type-simple"},"jetpack_sharing_enabled":true,"_links":{"self":[{"href":"https:\/\/ozince.com\/magaza\/wp-json\/wp\/v2\/product\/6207","targetHints":{"allow":["GET"]}}],"collection":[{"href":"https:\/\/ozince.com\/magaza\/wp-json\/wp\/v2\/product"}],"about":[{"href":"https:\/\/ozince.com\/magaza\/wp-json\/wp\/v2\/types\/product"}],"wp:featuredmedia":[{"embeddable":true,"href":"https:\/\/ozince.com\/magaza\/wp-json\/wp\/v2\/media\/6204"}],"wp:attachment":[{"href":"https:\/\/ozince.com\/magaza\/wp-json\/wp\/v2\/media?parent=6207"}],"wp:term":[{"taxonomy":"product_brand","embeddable":true,"href":"https:\/\/ozince.com\/magaza\/wp-json\/wp\/v2\/product_brand?post=6207"},{"taxonomy":"product_cat","embeddable":true,"href":"https:\/\/ozince.com\/magaza\/wp-json\/wp\/v2\/product_cat?post=6207"},{"taxonomy":"product_tag","embeddable":true,"href":"https:\/\/ozince.com\/magaza\/wp-json\/wp\/v2\/product_tag?post=6207"}],"curies":[{"name":"wp","href":"https:\/\/api.w.org\/{rel}","templated":true}]}}