{"id":6187,"date":"2025-09-17T14:35:30","date_gmt":"2025-09-17T11:35:30","guid":{"rendered":"https:\/\/ozince.com\/magaza\/kategorilenmemis\/mette-741f7311-opel-corsa-c-meriva-a-hava-filtresi\/"},"modified":"2025-09-17T14:35:46","modified_gmt":"2025-09-17T11:35:46","slug":"mette-741f7311-opel-corsa-c-meriva-a-hava-filtresi","status":"publish","type":"product","link":"https:\/\/ozince.com\/magaza\/periyodik-bakim-ve-filtre-urunleri\/mette-741f7311-opel-corsa-c-meriva-a-hava-filtresi\/","title":{"rendered":"METTE 741F7311 OPEL CORSA C &#8211; MER\u0130VA A HAVA F\u0130LTRES\u0130"},"content":{"rendered":"<p>\u00dcR\u00dcN OPEL CORSA C \/ COMBO C \/ MER\u0130VA A MODEL\u0130NE UYGUNDUR.<\/p>\n","protected":false},"excerpt":{"rendered":"<p>\u00dcR\u00dcN OPEL CORSA C \/ COMBO C \/ MER\u0130VA A MODEL\u0130NE UYGUNDUR.<\/p>\n","protected":false},"featured_media":6188,"template":"","meta":[],"product_brand":[362],"product_cat":[352],"product_tag":[],"class_list":{"0":"post-6187","1":"product","2":"type-product","3":"status-publish","4":"has-post-thumbnail","6":"arac_markasi_modeli-corsa-c","7":"arac_markasi_modeli-meriva-a","8":"arac_markasi_modeli-opel","9":"product_brand-mette","10":"product_cat-periyodik-bakim-ve-filtre-urunleri","12":"first","13":"instock","14":"taxable","15":"shipping-taxable","16":"purchasable","17":"product-type-simple"},"jetpack_sharing_enabled":true,"_links":{"self":[{"href":"https:\/\/ozince.com\/magaza\/wp-json\/wp\/v2\/product\/6187","targetHints":{"allow":["GET"]}}],"collection":[{"href":"https:\/\/ozince.com\/magaza\/wp-json\/wp\/v2\/product"}],"about":[{"href":"https:\/\/ozince.com\/magaza\/wp-json\/wp\/v2\/types\/product"}],"wp:featuredmedia":[{"embeddable":true,"href":"https:\/\/ozince.com\/magaza\/wp-json\/wp\/v2\/media\/6188"}],"wp:attachment":[{"href":"https:\/\/ozince.com\/magaza\/wp-json\/wp\/v2\/media?parent=6187"}],"wp:term":[{"taxonomy":"product_brand","embeddable":true,"href":"https:\/\/ozince.com\/magaza\/wp-json\/wp\/v2\/product_brand?post=6187"},{"taxonomy":"product_cat","embeddable":true,"href":"https:\/\/ozince.com\/magaza\/wp-json\/wp\/v2\/product_cat?post=6187"},{"taxonomy":"product_tag","embeddable":true,"href":"https:\/\/ozince.com\/magaza\/wp-json\/wp\/v2\/product_tag?post=6187"}],"curies":[{"name":"wp","href":"https:\/\/api.w.org\/{rel}","templated":true}]}}