{"id":6184,"date":"2025-09-17T14:35:30","date_gmt":"2025-09-17T11:35:30","guid":{"rendered":"https:\/\/ozince.com\/magaza\/kategorilenmemis\/margo-1135002-opel-vectra-a-hava-filtresi\/"},"modified":"2025-09-17T14:35:45","modified_gmt":"2025-09-17T11:35:45","slug":"margo-1135002-opel-vectra-a-hava-filtresi","status":"publish","type":"product","link":"https:\/\/ozince.com\/magaza\/periyodik-bakim-ve-filtre-urunleri\/margo-1135002-opel-vectra-a-hava-filtresi\/","title":{"rendered":"MARGO 1135002 OPEL VECTRA A HAVA F\u0130LTRES\u0130"},"content":{"rendered":"<p>\u00dcR\u00dcN OPEL VECTRA A MODEL\u0130NE UYGUNDUR.<\/p>\n","protected":false},"excerpt":{"rendered":"<p>\u00dcR\u00dcN OPEL VECTRA A MODEL\u0130NE UYGUNDUR.<\/p>\n","protected":false},"featured_media":6185,"template":"","meta":[],"product_brand":[289],"product_cat":[352],"product_tag":[],"class_list":{"0":"post-6184","1":"product","2":"type-product","3":"status-publish","4":"has-post-thumbnail","6":"arac_markasi_modeli-opel","7":"arac_markasi_modeli-vectra-a","8":"product_brand-margo","9":"product_cat-periyodik-bakim-ve-filtre-urunleri","11":"first","12":"instock","13":"taxable","14":"shipping-taxable","15":"purchasable","16":"product-type-simple"},"jetpack_sharing_enabled":true,"_links":{"self":[{"href":"https:\/\/ozince.com\/magaza\/wp-json\/wp\/v2\/product\/6184","targetHints":{"allow":["GET"]}}],"collection":[{"href":"https:\/\/ozince.com\/magaza\/wp-json\/wp\/v2\/product"}],"about":[{"href":"https:\/\/ozince.com\/magaza\/wp-json\/wp\/v2\/types\/product"}],"wp:featuredmedia":[{"embeddable":true,"href":"https:\/\/ozince.com\/magaza\/wp-json\/wp\/v2\/media\/6185"}],"wp:attachment":[{"href":"https:\/\/ozince.com\/magaza\/wp-json\/wp\/v2\/media?parent=6184"}],"wp:term":[{"taxonomy":"product_brand","embeddable":true,"href":"https:\/\/ozince.com\/magaza\/wp-json\/wp\/v2\/product_brand?post=6184"},{"taxonomy":"product_cat","embeddable":true,"href":"https:\/\/ozince.com\/magaza\/wp-json\/wp\/v2\/product_cat?post=6184"},{"taxonomy":"product_tag","embeddable":true,"href":"https:\/\/ozince.com\/magaza\/wp-json\/wp\/v2\/product_tag?post=6184"}],"curies":[{"name":"wp","href":"https:\/\/api.w.org\/{rel}","templated":true}]}}