{"id":6173,"date":"2025-09-17T14:35:30","date_gmt":"2025-09-17T11:35:30","guid":{"rendered":"https:\/\/ozince.com\/magaza\/kategorilenmemis\/fitpart-fit04008013o-opel-vectra-c-1-6-benzinli-hava-filtresi\/"},"modified":"2025-09-17T14:35:31","modified_gmt":"2025-09-17T11:35:31","slug":"fitpart-fit04008013o-opel-vectra-c-1-6-benzinli-hava-filtresi","status":"publish","type":"product","link":"https:\/\/ozince.com\/magaza\/periyodik-bakim-ve-filtre-urunleri\/fitpart-fit04008013o-opel-vectra-c-1-6-benzinli-hava-filtresi\/","title":{"rendered":"F\u0130TPART FIT04008013O OPEL VECTRA C 1.6 BENZ\u0130NL\u0130 HAVA F\u0130LTRES\u0130"},"content":{"rendered":"<p>\u00dcR\u00dcN OPEL VECTRA C 1.6 \/ 1.8 MODELLER\u0130NE UYGUNDUR.<\/p>\n","protected":false},"excerpt":{"rendered":"<p>\u00dcR\u00dcN OPEL VECTRA C 1.6 \/ 1.8 MODELLER\u0130NE UYGUNDUR.<\/p>\n","protected":false},"featured_media":6174,"template":"","meta":[],"product_brand":[360],"product_cat":[352],"product_tag":[],"class_list":{"0":"post-6173","1":"product","2":"type-product","3":"status-publish","4":"has-post-thumbnail","6":"arac_markasi_modeli-opel","7":"arac_markasi_modeli-vectra-c","8":"product_brand-fitpart","9":"product_cat-periyodik-bakim-ve-filtre-urunleri","11":"first","12":"instock","13":"taxable","14":"shipping-taxable","15":"purchasable","16":"product-type-simple"},"jetpack_sharing_enabled":true,"_links":{"self":[{"href":"https:\/\/ozince.com\/magaza\/wp-json\/wp\/v2\/product\/6173","targetHints":{"allow":["GET"]}}],"collection":[{"href":"https:\/\/ozince.com\/magaza\/wp-json\/wp\/v2\/product"}],"about":[{"href":"https:\/\/ozince.com\/magaza\/wp-json\/wp\/v2\/types\/product"}],"wp:featuredmedia":[{"embeddable":true,"href":"https:\/\/ozince.com\/magaza\/wp-json\/wp\/v2\/media\/6174"}],"wp:attachment":[{"href":"https:\/\/ozince.com\/magaza\/wp-json\/wp\/v2\/media?parent=6173"}],"wp:term":[{"taxonomy":"product_brand","embeddable":true,"href":"https:\/\/ozince.com\/magaza\/wp-json\/wp\/v2\/product_brand?post=6173"},{"taxonomy":"product_cat","embeddable":true,"href":"https:\/\/ozince.com\/magaza\/wp-json\/wp\/v2\/product_cat?post=6173"},{"taxonomy":"product_tag","embeddable":true,"href":"https:\/\/ozince.com\/magaza\/wp-json\/wp\/v2\/product_tag?post=6173"}],"curies":[{"name":"wp","href":"https:\/\/api.w.org\/{rel}","templated":true}]}}