{"id":6166,"date":"2025-09-17T14:35:30","date_gmt":"2025-09-17T11:35:30","guid":{"rendered":"https:\/\/ozince.com\/magaza\/kategorilenmemis\/eurorepar-1638028080-citroen-c3-c4-c5-1-2-puretech-hava-filtresi\/"},"modified":"2025-09-17T14:35:30","modified_gmt":"2025-09-17T11:35:30","slug":"eurorepar-1638028080-citroen-c3-c4-c5-1-2-puretech-hava-filtresi","status":"publish","type":"product","link":"https:\/\/ozince.com\/magaza\/periyodik-bakim-ve-filtre-urunleri\/eurorepar-1638028080-citroen-c3-c4-c5-1-2-puretech-hava-filtresi\/","title":{"rendered":"EUROREPAR 1638028080 C\u0130TROEN C3 &#8211; C4 &#8211; C5  1.2 PURETECH HAVA F\u0130LTRES\u0130"},"content":{"rendered":"<p>\u00dcR\u00dcN C\u0130TROEN C3 \/ C4 \/ C5 1.2 BENZ\u0130NL\u0130 MODELLER\u0130NE UYGUNDUR.<\/p>\n","protected":false},"excerpt":{"rendered":"<p>\u00dcR\u00dcN C\u0130TROEN C3 \/ C4 \/ C5 1.2 BENZ\u0130NL\u0130 MODELLER\u0130NE UYGUNDUR.<\/p>\n","protected":false},"featured_media":6167,"template":"","meta":[],"product_brand":[341],"product_cat":[352],"product_tag":[],"class_list":{"0":"post-6166","1":"product","2":"type-product","3":"status-publish","4":"has-post-thumbnail","6":"arac_markasi_modeli-c3","7":"arac_markasi_modeli-c4","8":"arac_markasi_modeli-c5","9":"arac_markasi_modeli-citroen","10":"product_brand-eurorepar","11":"product_cat-periyodik-bakim-ve-filtre-urunleri","13":"first","14":"instock","15":"taxable","16":"shipping-taxable","17":"purchasable","18":"product-type-simple"},"jetpack_sharing_enabled":true,"_links":{"self":[{"href":"https:\/\/ozince.com\/magaza\/wp-json\/wp\/v2\/product\/6166","targetHints":{"allow":["GET"]}}],"collection":[{"href":"https:\/\/ozince.com\/magaza\/wp-json\/wp\/v2\/product"}],"about":[{"href":"https:\/\/ozince.com\/magaza\/wp-json\/wp\/v2\/types\/product"}],"wp:featuredmedia":[{"embeddable":true,"href":"https:\/\/ozince.com\/magaza\/wp-json\/wp\/v2\/media\/6167"}],"wp:attachment":[{"href":"https:\/\/ozince.com\/magaza\/wp-json\/wp\/v2\/media?parent=6166"}],"wp:term":[{"taxonomy":"product_brand","embeddable":true,"href":"https:\/\/ozince.com\/magaza\/wp-json\/wp\/v2\/product_brand?post=6166"},{"taxonomy":"product_cat","embeddable":true,"href":"https:\/\/ozince.com\/magaza\/wp-json\/wp\/v2\/product_cat?post=6166"},{"taxonomy":"product_tag","embeddable":true,"href":"https:\/\/ozince.com\/magaza\/wp-json\/wp\/v2\/product_tag?post=6166"}],"curies":[{"name":"wp","href":"https:\/\/api.w.org\/{rel}","templated":true}]}}