{"id":6164,"date":"2025-09-17T14:35:30","date_gmt":"2025-09-17T11:35:30","guid":{"rendered":"https:\/\/ozince.com\/magaza\/kategorilenmemis\/bosch-f026400685-opel-insignia-b-1-6-dizel-hava-filtresi\/"},"modified":"2025-09-17T14:35:30","modified_gmt":"2025-09-17T11:35:30","slug":"bosch-f026400685-opel-insignia-b-1-6-dizel-hava-filtresi","status":"publish","type":"product","link":"https:\/\/ozince.com\/magaza\/periyodik-bakim-ve-filtre-urunleri\/bosch-f026400685-opel-insignia-b-1-6-dizel-hava-filtresi\/","title":{"rendered":"BOSCH F026400685 OPEL \u0130NS\u0130GN\u0130A B 1.6 D\u0130ZEL HAVA F\u0130LTRES\u0130"},"content":{"rendered":"<p>\u00dcR\u00dcN OPEL \u0130NS\u0130GN\u0130A B 1.5 \/ 1.6 \/ 2.0 D\u0130ZEL MODELLER\u0130NE UYGUNDUR.<\/p>\n","protected":false},"excerpt":{"rendered":"<p>\u00dcR\u00dcN OPEL \u0130NS\u0130GN\u0130A B 1.5 \/ 1.6 \/ 2.0 D\u0130ZEL MODELLER\u0130NE UYGUNDUR.<\/p>\n","protected":false},"featured_media":6165,"template":"","meta":[],"product_brand":[190],"product_cat":[352],"product_tag":[],"class_list":{"0":"post-6164","1":"product","2":"type-product","3":"status-publish","4":"has-post-thumbnail","6":"arac_markasi_modeli-insignia-b","7":"arac_markasi_modeli-opel","8":"product_brand-bosch","9":"product_cat-periyodik-bakim-ve-filtre-urunleri","11":"first","12":"instock","13":"taxable","14":"shipping-taxable","15":"purchasable","16":"product-type-simple"},"jetpack_sharing_enabled":true,"_links":{"self":[{"href":"https:\/\/ozince.com\/magaza\/wp-json\/wp\/v2\/product\/6164","targetHints":{"allow":["GET"]}}],"collection":[{"href":"https:\/\/ozince.com\/magaza\/wp-json\/wp\/v2\/product"}],"about":[{"href":"https:\/\/ozince.com\/magaza\/wp-json\/wp\/v2\/types\/product"}],"wp:featuredmedia":[{"embeddable":true,"href":"https:\/\/ozince.com\/magaza\/wp-json\/wp\/v2\/media\/6165"}],"wp:attachment":[{"href":"https:\/\/ozince.com\/magaza\/wp-json\/wp\/v2\/media?parent=6164"}],"wp:term":[{"taxonomy":"product_brand","embeddable":true,"href":"https:\/\/ozince.com\/magaza\/wp-json\/wp\/v2\/product_brand?post=6164"},{"taxonomy":"product_cat","embeddable":true,"href":"https:\/\/ozince.com\/magaza\/wp-json\/wp\/v2\/product_cat?post=6164"},{"taxonomy":"product_tag","embeddable":true,"href":"https:\/\/ozince.com\/magaza\/wp-json\/wp\/v2\/product_tag?post=6164"}],"curies":[{"name":"wp","href":"https:\/\/api.w.org\/{rel}","templated":true}]}}