{"id":6150,"date":"2025-09-12T10:37:07","date_gmt":"2025-09-12T07:37:07","guid":{"rendered":"https:\/\/ozince.com\/magaza\/kategorilenmemis\/sardes-so-808-opel-combo-b-1-7-dizel-corsa-b-1-5-dizel-yag-filtresi\/"},"modified":"2025-09-12T10:37:07","modified_gmt":"2025-09-12T07:37:07","slug":"sardes-so-808-opel-combo-b-1-7-dizel-corsa-b-1-5-dizel-yag-filtresi","status":"publish","type":"product","link":"https:\/\/ozince.com\/magaza\/periyodik-bakim-ve-filtre-urunleri\/sardes-so-808-opel-combo-b-1-7-dizel-corsa-b-1-5-dizel-yag-filtresi\/","title":{"rendered":"SARDES SO 808 OPEL COMBO B 1.7 D\u0130ZEL &#8211; CORSA B 1.5 D\u0130ZEL YA\u011e F\u0130LTRES\u0130"},"content":{"rendered":"<p>\u00dcR\u00dcN OPEL COMBO B 1.7 D\u0130ZEL &#8211; CORSA B 1.5 D\u0130ZEL MODELLER\u0130NE UYGUNDUR.<\/p>\n","protected":false},"excerpt":{"rendered":"<p>\u00dcR\u00dcN OPEL COMBO B 1.7 D\u0130ZEL &#8211; CORSA B 1.5 D\u0130ZEL MODELLER\u0130NE UYGUNDUR.<\/p>\n","protected":false},"featured_media":6094,"template":"","meta":[],"product_brand":[356],"product_cat":[352],"product_tag":[],"class_list":{"0":"post-6150","1":"product","2":"type-product","3":"status-publish","4":"has-post-thumbnail","6":"arac_markasi_modeli-combo-b","7":"arac_markasi_modeli-corsa-b","8":"arac_markasi_modeli-opel","9":"product_brand-sardes","10":"product_cat-periyodik-bakim-ve-filtre-urunleri","12":"first","13":"instock","14":"taxable","15":"shipping-taxable","16":"purchasable","17":"product-type-simple"},"jetpack_sharing_enabled":true,"_links":{"self":[{"href":"https:\/\/ozince.com\/magaza\/wp-json\/wp\/v2\/product\/6150","targetHints":{"allow":["GET"]}}],"collection":[{"href":"https:\/\/ozince.com\/magaza\/wp-json\/wp\/v2\/product"}],"about":[{"href":"https:\/\/ozince.com\/magaza\/wp-json\/wp\/v2\/types\/product"}],"wp:featuredmedia":[{"embeddable":true,"href":"https:\/\/ozince.com\/magaza\/wp-json\/wp\/v2\/media\/6094"}],"wp:attachment":[{"href":"https:\/\/ozince.com\/magaza\/wp-json\/wp\/v2\/media?parent=6150"}],"wp:term":[{"taxonomy":"product_brand","embeddable":true,"href":"https:\/\/ozince.com\/magaza\/wp-json\/wp\/v2\/product_brand?post=6150"},{"taxonomy":"product_cat","embeddable":true,"href":"https:\/\/ozince.com\/magaza\/wp-json\/wp\/v2\/product_cat?post=6150"},{"taxonomy":"product_tag","embeddable":true,"href":"https:\/\/ozince.com\/magaza\/wp-json\/wp\/v2\/product_tag?post=6150"}],"curies":[{"name":"wp","href":"https:\/\/api.w.org\/{rel}","templated":true}]}}