{"id":6148,"date":"2025-09-12T10:37:02","date_gmt":"2025-09-12T07:37:02","guid":{"rendered":"https:\/\/ozince.com\/magaza\/kategorilenmemis\/sardes-so-1097-opel-corsa-e-1-4-benzinli-yag-filtresi\/"},"modified":"2025-09-12T10:37:06","modified_gmt":"2025-09-12T07:37:06","slug":"sardes-so-1097-opel-corsa-e-1-4-benzinli-yag-filtresi","status":"publish","type":"product","link":"https:\/\/ozince.com\/magaza\/periyodik-bakim-ve-filtre-urunleri\/sardes-so-1097-opel-corsa-e-1-4-benzinli-yag-filtresi\/","title":{"rendered":"SARDES SO 1097 OPEL CORSA E 1.4 BENZ\u0130NL\u0130 YA\u011e F\u0130LTRES\u0130"},"content":{"rendered":"<p>\u00dcR\u00dcN OPEL CORSA E 1.4 BENZ\u0130NL\u0130 CHEVROLET AVEO 1.4 BENZ\u0130NL\u0130 MODELLER\u0130NE UYGUNDUR.<\/p>\n","protected":false},"excerpt":{"rendered":"<p>\u00dcR\u00dcN OPEL CORSA E 1.4 BENZ\u0130NL\u0130 CHEVROLET AVEO 1.4 BENZ\u0130NL\u0130 MODELLER\u0130NE UYGUNDUR.<\/p>\n","protected":false},"featured_media":6090,"template":"","meta":[],"product_brand":[356],"product_cat":[352],"product_tag":[],"class_list":{"0":"post-6148","1":"product","2":"type-product","3":"status-publish","4":"has-post-thumbnail","6":"arac_markasi_modeli-corsa-e","7":"arac_markasi_modeli-opel","8":"product_brand-sardes","9":"product_cat-periyodik-bakim-ve-filtre-urunleri","11":"first","12":"instock","13":"taxable","14":"shipping-taxable","15":"purchasable","16":"product-type-simple"},"jetpack_sharing_enabled":true,"_links":{"self":[{"href":"https:\/\/ozince.com\/magaza\/wp-json\/wp\/v2\/product\/6148","targetHints":{"allow":["GET"]}}],"collection":[{"href":"https:\/\/ozince.com\/magaza\/wp-json\/wp\/v2\/product"}],"about":[{"href":"https:\/\/ozince.com\/magaza\/wp-json\/wp\/v2\/types\/product"}],"wp:featuredmedia":[{"embeddable":true,"href":"https:\/\/ozince.com\/magaza\/wp-json\/wp\/v2\/media\/6090"}],"wp:attachment":[{"href":"https:\/\/ozince.com\/magaza\/wp-json\/wp\/v2\/media?parent=6148"}],"wp:term":[{"taxonomy":"product_brand","embeddable":true,"href":"https:\/\/ozince.com\/magaza\/wp-json\/wp\/v2\/product_brand?post=6148"},{"taxonomy":"product_cat","embeddable":true,"href":"https:\/\/ozince.com\/magaza\/wp-json\/wp\/v2\/product_cat?post=6148"},{"taxonomy":"product_tag","embeddable":true,"href":"https:\/\/ozince.com\/magaza\/wp-json\/wp\/v2\/product_tag?post=6148"}],"curies":[{"name":"wp","href":"https:\/\/api.w.org\/{rel}","templated":true}]}}