{"id":6125,"date":"2025-09-12T10:36:57","date_gmt":"2025-09-12T07:36:57","guid":{"rendered":"https:\/\/ozince.com\/magaza\/kategorilenmemis\/eurorepar-e149134-opel-corsa-f-astra-l-1-2-puretech-yag-filtresi-1109-al\/"},"modified":"2025-09-12T10:37:00","modified_gmt":"2025-09-12T07:37:00","slug":"eurorepar-e149134-opel-corsa-f-astra-l-1-2-puretech-yag-filtresi-1109-al","status":"publish","type":"product","link":"https:\/\/ozince.com\/magaza\/periyodik-bakim-ve-filtre-urunleri\/eurorepar-e149134-opel-corsa-f-astra-l-1-2-puretech-yag-filtresi-1109-al\/","title":{"rendered":"EUROREPAR E149134 OPEL CORSA F &#8211; ASTRA L 1.2 PURETECH YA\u011e F\u0130LTRES\u0130 (1109.AL)"},"content":{"rendered":"<p>\u00dcR\u00dcN OPEL CORSA F \/ ASTRA L \/ CROSSLAND X \/ GRANDLAND X \/ MOKKA B 1.2 PURETECH (BENZ\u0130NL\u0130 MODELLER\u0130NE UYGUNDUR).<\/p>\n","protected":false},"excerpt":{"rendered":"<p>\u00dcR\u00dcN OPEL CORSA F \/ ASTRA L \/ CROSSLAND X \/ GRANDLAND X \/ MOKKA B 1.2 PURETECH (BENZ\u0130NL\u0130 MODELLER\u0130NE UYGUNDUR).<\/p>\n","protected":false},"featured_media":6052,"template":"","meta":[],"product_brand":[341],"product_cat":[352],"product_tag":[],"class_list":{"0":"post-6125","1":"product","2":"type-product","3":"status-publish","4":"has-post-thumbnail","6":"arac_markasi_modeli-astra-l","7":"arac_markasi_modeli-corsa-f","8":"arac_markasi_modeli-opel","9":"product_brand-eurorepar","10":"product_cat-periyodik-bakim-ve-filtre-urunleri","12":"first","13":"instock","14":"taxable","15":"shipping-taxable","16":"purchasable","17":"product-type-simple"},"jetpack_sharing_enabled":true,"_links":{"self":[{"href":"https:\/\/ozince.com\/magaza\/wp-json\/wp\/v2\/product\/6125","targetHints":{"allow":["GET"]}}],"collection":[{"href":"https:\/\/ozince.com\/magaza\/wp-json\/wp\/v2\/product"}],"about":[{"href":"https:\/\/ozince.com\/magaza\/wp-json\/wp\/v2\/types\/product"}],"wp:featuredmedia":[{"embeddable":true,"href":"https:\/\/ozince.com\/magaza\/wp-json\/wp\/v2\/media\/6052"}],"wp:attachment":[{"href":"https:\/\/ozince.com\/magaza\/wp-json\/wp\/v2\/media?parent=6125"}],"wp:term":[{"taxonomy":"product_brand","embeddable":true,"href":"https:\/\/ozince.com\/magaza\/wp-json\/wp\/v2\/product_brand?post=6125"},{"taxonomy":"product_cat","embeddable":true,"href":"https:\/\/ozince.com\/magaza\/wp-json\/wp\/v2\/product_cat?post=6125"},{"taxonomy":"product_tag","embeddable":true,"href":"https:\/\/ozince.com\/magaza\/wp-json\/wp\/v2\/product_tag?post=6125"}],"curies":[{"name":"wp","href":"https:\/\/api.w.org\/{rel}","templated":true}]}}