{"id":6121,"date":"2025-09-12T10:36:57","date_gmt":"2025-09-12T07:36:57","guid":{"rendered":"https:\/\/ozince.com\/magaza\/kategorilenmemis\/eurorepar-1682275480-opel-astra-j-insignia-a-1-4-1-6-yag-filtresi\/"},"modified":"2025-09-12T10:37:00","modified_gmt":"2025-09-12T07:37:00","slug":"eurorepar-1682275480-opel-astra-j-insignia-a-1-4-1-6-yag-filtresi","status":"publish","type":"product","link":"https:\/\/ozince.com\/magaza\/periyodik-bakim-ve-filtre-urunleri\/eurorepar-1682275480-opel-astra-j-insignia-a-1-4-1-6-yag-filtresi\/","title":{"rendered":"EUROREPAR 1682275480 OPEL ASTRA J &#8211; \u0130NS\u0130GN\u0130A A 1.4-1.6 YA\u011e F\u0130LTRES\u0130"},"content":{"rendered":"<p>\u00dcR\u00dcN OPEL ASTRA J 1.4 TURBO \/ ASTRA J 1.6 TURBO \/ CORSA D 1.2-1.4 \/ ASTRA H 1.6<br \/>\nBENZ\u0130NL\u0130 \/ \u0130NS\u0130GN\u0130A A 1.4-1.6 BENZ\u0130NL\u0130 \/ \u0130NS\u0130GN\u0130A B 1.6 D\u0130ZEL MODELLER\u0130NE UYGUNDUR.<\/p>\n","protected":false},"excerpt":{"rendered":"<p>\u00dcR\u00dcN OPEL ASTRA J 1.4 TURBO \/ ASTRA J 1.6 TURBO \/ CORSA D 1.2-1.4 \/ ASTRA H 1.6 BENZ\u0130NL\u0130 \/ \u0130NS\u0130GN\u0130A A 1.4-1.6 BENZ\u0130NL\u0130 \/ \u0130NS\u0130GN\u0130A B 1.6 D\u0130ZEL MODELLER\u0130NE UYGUNDUR.<\/p>\n","protected":false},"featured_media":6047,"template":"","meta":[],"product_brand":[341],"product_cat":[352],"product_tag":[],"class_list":{"0":"post-6121","1":"product","2":"type-product","3":"status-publish","4":"has-post-thumbnail","6":"arac_markasi_modeli-astra-j","7":"arac_markasi_modeli-insignia-a","8":"arac_markasi_modeli-opel","9":"product_brand-eurorepar","10":"product_cat-periyodik-bakim-ve-filtre-urunleri","12":"first","13":"instock","14":"taxable","15":"shipping-taxable","16":"purchasable","17":"product-type-simple"},"jetpack_sharing_enabled":true,"_links":{"self":[{"href":"https:\/\/ozince.com\/magaza\/wp-json\/wp\/v2\/product\/6121","targetHints":{"allow":["GET"]}}],"collection":[{"href":"https:\/\/ozince.com\/magaza\/wp-json\/wp\/v2\/product"}],"about":[{"href":"https:\/\/ozince.com\/magaza\/wp-json\/wp\/v2\/types\/product"}],"wp:featuredmedia":[{"embeddable":true,"href":"https:\/\/ozince.com\/magaza\/wp-json\/wp\/v2\/media\/6047"}],"wp:attachment":[{"href":"https:\/\/ozince.com\/magaza\/wp-json\/wp\/v2\/media?parent=6121"}],"wp:term":[{"taxonomy":"product_brand","embeddable":true,"href":"https:\/\/ozince.com\/magaza\/wp-json\/wp\/v2\/product_brand?post=6121"},{"taxonomy":"product_cat","embeddable":true,"href":"https:\/\/ozince.com\/magaza\/wp-json\/wp\/v2\/product_cat?post=6121"},{"taxonomy":"product_tag","embeddable":true,"href":"https:\/\/ozince.com\/magaza\/wp-json\/wp\/v2\/product_tag?post=6121"}],"curies":[{"name":"wp","href":"https:\/\/api.w.org\/{rel}","templated":true}]}}