{"id":6118,"date":"2025-09-12T10:36:57","date_gmt":"2025-09-12T07:36:57","guid":{"rendered":"https:\/\/ozince.com\/magaza\/kategorilenmemis\/bosch-f026407299-opel-grandland-x-crossland-x-1-5-bluehdi-yag-filtresi\/"},"modified":"2025-09-12T10:36:59","modified_gmt":"2025-09-12T07:36:59","slug":"bosch-f026407299-opel-grandland-x-crossland-x-1-5-bluehdi-yag-filtresi","status":"publish","type":"product","link":"https:\/\/ozince.com\/magaza\/periyodik-bakim-ve-filtre-urunleri\/bosch-f026407299-opel-grandland-x-crossland-x-1-5-bluehdi-yag-filtresi\/","title":{"rendered":"BOSCH F026407299 OPEL GRANDLAND X &#8211; CROSSLAND X 1.5 BLUEHD\u0130 YA\u011e F\u0130LTRES\u0130"},"content":{"rendered":"<p>\u00dcR\u00dcN OPEL CORSA F \/ GRANDLAND X \/ CROSSLAND X \/ ASTRA L \/ COMBO E 1.5 BLUEHD\u0130 (D\u0130ZEL MODELLER\u0130NE UYGUNDUR).<\/p>\n","protected":false},"excerpt":{"rendered":"<p>\u00dcR\u00dcN OPEL CORSA F \/ GRANDLAND X \/ CROSSLAND X \/ ASTRA L \/ COMBO E 1.5 BLUEHD\u0130 (D\u0130ZEL MODELLER\u0130NE UYGUNDUR).<\/p>\n","protected":false},"featured_media":6115,"template":"","meta":[],"product_brand":[190],"product_cat":[352],"product_tag":[],"class_list":{"0":"post-6118","1":"product","2":"type-product","3":"status-publish","4":"has-post-thumbnail","6":"arac_markasi_modeli-astra-l","7":"arac_markasi_modeli-crossland-x","8":"arac_markasi_modeli-grandland-x","9":"arac_markasi_modeli-opel","10":"product_brand-bosch","11":"product_cat-periyodik-bakim-ve-filtre-urunleri","13":"first","14":"instock","15":"taxable","16":"shipping-taxable","17":"purchasable","18":"product-type-simple"},"jetpack_sharing_enabled":true,"_links":{"self":[{"href":"https:\/\/ozince.com\/magaza\/wp-json\/wp\/v2\/product\/6118","targetHints":{"allow":["GET"]}}],"collection":[{"href":"https:\/\/ozince.com\/magaza\/wp-json\/wp\/v2\/product"}],"about":[{"href":"https:\/\/ozince.com\/magaza\/wp-json\/wp\/v2\/types\/product"}],"wp:featuredmedia":[{"embeddable":true,"href":"https:\/\/ozince.com\/magaza\/wp-json\/wp\/v2\/media\/6115"}],"wp:attachment":[{"href":"https:\/\/ozince.com\/magaza\/wp-json\/wp\/v2\/media?parent=6118"}],"wp:term":[{"taxonomy":"product_brand","embeddable":true,"href":"https:\/\/ozince.com\/magaza\/wp-json\/wp\/v2\/product_brand?post=6118"},{"taxonomy":"product_cat","embeddable":true,"href":"https:\/\/ozince.com\/magaza\/wp-json\/wp\/v2\/product_cat?post=6118"},{"taxonomy":"product_tag","embeddable":true,"href":"https:\/\/ozince.com\/magaza\/wp-json\/wp\/v2\/product_tag?post=6118"}],"curies":[{"name":"wp","href":"https:\/\/api.w.org\/{rel}","templated":true}]}}