{"id":6111,"date":"2025-09-12T10:36:57","date_gmt":"2025-09-12T07:36:57","guid":{"rendered":"https:\/\/ozince.com\/magaza\/kategorilenmemis\/bosch-09864b7023-peugeot-208-308-3008-1-2-puretech-yag-filtresi-1109-al\/"},"modified":"2025-09-12T10:36:58","modified_gmt":"2025-09-12T07:36:58","slug":"bosch-09864b7023-peugeot-208-308-3008-1-2-puretech-yag-filtresi-1109-al","status":"publish","type":"product","link":"https:\/\/ozince.com\/magaza\/periyodik-bakim-ve-filtre-urunleri\/bosch-09864b7023-peugeot-208-308-3008-1-2-puretech-yag-filtresi-1109-al\/","title":{"rendered":"BOSCH 09864B7023 PEUGEOT 208 &#8211; 308 &#8211; 3008 1.2 PURETECH YA\u011e F\u0130LTRES\u0130 (1109.AL)"},"content":{"rendered":"<p>\u00dcR\u00dcN PEUGEOT 208 \/ 301 \/ 308 \/ 406 \/ 407 2008 \/ 3008 \/ 5008 1.2 PURETECH (BENZ\u0130NL\u0130 MODELLER\u0130NE UYGUNDUR).<\/p>\n","protected":false},"excerpt":{"rendered":"<p>\u00dcR\u00dcN PEUGEOT 208 \/ 301 \/ 308 \/ 406 \/ 407 2008 \/ 3008 \/ 5008 1.2 PURETECH (BENZ\u0130NL\u0130 MODELLER\u0130NE UYGUNDUR).<\/p>\n","protected":false},"featured_media":6031,"template":"","meta":[],"product_brand":[190],"product_cat":[352],"product_tag":[],"class_list":{"0":"post-6111","1":"product","2":"type-product","3":"status-publish","4":"has-post-thumbnail","6":"arac_markasi_modeli-282","7":"arac_markasi_modeli-249","8":"arac_markasi_modeli-302","9":"arac_markasi_modeli-peugeot","10":"product_brand-bosch","11":"product_cat-periyodik-bakim-ve-filtre-urunleri","13":"first","14":"instock","15":"taxable","16":"shipping-taxable","17":"purchasable","18":"product-type-simple"},"jetpack_sharing_enabled":true,"_links":{"self":[{"href":"https:\/\/ozince.com\/magaza\/wp-json\/wp\/v2\/product\/6111","targetHints":{"allow":["GET"]}}],"collection":[{"href":"https:\/\/ozince.com\/magaza\/wp-json\/wp\/v2\/product"}],"about":[{"href":"https:\/\/ozince.com\/magaza\/wp-json\/wp\/v2\/types\/product"}],"wp:featuredmedia":[{"embeddable":true,"href":"https:\/\/ozince.com\/magaza\/wp-json\/wp\/v2\/media\/6031"}],"wp:attachment":[{"href":"https:\/\/ozince.com\/magaza\/wp-json\/wp\/v2\/media?parent=6111"}],"wp:term":[{"taxonomy":"product_brand","embeddable":true,"href":"https:\/\/ozince.com\/magaza\/wp-json\/wp\/v2\/product_brand?post=6111"},{"taxonomy":"product_cat","embeddable":true,"href":"https:\/\/ozince.com\/magaza\/wp-json\/wp\/v2\/product_cat?post=6111"},{"taxonomy":"product_tag","embeddable":true,"href":"https:\/\/ozince.com\/magaza\/wp-json\/wp\/v2\/product_tag?post=6111"}],"curies":[{"name":"wp","href":"https:\/\/api.w.org\/{rel}","templated":true}]}}