{"id":6108,"date":"2025-09-12T10:36:57","date_gmt":"2025-09-12T07:36:57","guid":{"rendered":"https:\/\/ozince.com\/magaza\/kategorilenmemis\/bosch-09864b7023-citroen-c-elysee-c3-c4-c5-1-2-puretech-yag-filtresi-1109-al\/"},"modified":"2025-09-17T14:45:09","modified_gmt":"2025-09-17T11:45:09","slug":"bosch-09864b7023-citroen-c-elysee-c3-c4-c5-1-2-puretech-yag-filtresi-1109-al","status":"publish","type":"product","link":"https:\/\/ozince.com\/magaza\/periyodik-bakim-ve-filtre-urunleri\/bosch-09864b7023-citroen-c-elysee-c3-c4-c5-1-2-puretech-yag-filtresi-1109-al\/","title":{"rendered":"BOSCH 09864B7023 C\u0130TROEN C-ELYSEE &#8211; C3 &#8211; C4 &#8211; C5 1.2 PURETECH YA\u011e F\u0130LTRES\u0130 (1109.AL)"},"content":{"rendered":"<p>\u00dcR\u00dcN C\u0130TROEN C-ELYSEE \/ C3 \/ C4 \/ C5 1.2 PURETECH (BENZ\u0130NL\u0130 MODELLER\u0130NE UYGUNDUR).<\/p>\n","protected":false},"excerpt":{"rendered":"<p>\u00dcR\u00dcN C\u0130TROEN C-ELYSEE \/ C3 \/ C4 \/ C5 1.2 PURETECH (BENZ\u0130NL\u0130 MODELLER\u0130NE UYGUNDUR).<\/p>\n","protected":false},"featured_media":6031,"template":"","meta":[],"product_brand":[190],"product_cat":[352],"product_tag":[],"class_list":{"0":"post-6108","1":"product","2":"type-product","3":"status-publish","4":"has-post-thumbnail","6":"arac_markasi_modeli-citroen","7":"arac_markasi_modeli-c3","8":"arac_markasi_modeli-c4","9":"arac_markasi_modeli-c5","10":"product_brand-bosch","11":"product_cat-periyodik-bakim-ve-filtre-urunleri","13":"first","14":"instock","15":"taxable","16":"shipping-taxable","17":"purchasable","18":"product-type-simple"},"jetpack_sharing_enabled":true,"_links":{"self":[{"href":"https:\/\/ozince.com\/magaza\/wp-json\/wp\/v2\/product\/6108","targetHints":{"allow":["GET"]}}],"collection":[{"href":"https:\/\/ozince.com\/magaza\/wp-json\/wp\/v2\/product"}],"about":[{"href":"https:\/\/ozince.com\/magaza\/wp-json\/wp\/v2\/types\/product"}],"wp:featuredmedia":[{"embeddable":true,"href":"https:\/\/ozince.com\/magaza\/wp-json\/wp\/v2\/media\/6031"}],"wp:attachment":[{"href":"https:\/\/ozince.com\/magaza\/wp-json\/wp\/v2\/media?parent=6108"}],"wp:term":[{"taxonomy":"product_brand","embeddable":true,"href":"https:\/\/ozince.com\/magaza\/wp-json\/wp\/v2\/product_brand?post=6108"},{"taxonomy":"product_cat","embeddable":true,"href":"https:\/\/ozince.com\/magaza\/wp-json\/wp\/v2\/product_cat?post=6108"},{"taxonomy":"product_tag","embeddable":true,"href":"https:\/\/ozince.com\/magaza\/wp-json\/wp\/v2\/product_tag?post=6108"}],"curies":[{"name":"wp","href":"https:\/\/api.w.org\/{rel}","templated":true}]}}