{"id":6104,"date":"2025-09-12T10:36:57","date_gmt":"2025-09-12T07:36:57","guid":{"rendered":"https:\/\/ozince.com\/magaza\/kategorilenmemis\/bosch-09864b7008-opel-vectra-a-astra-g-yag-filtresi\/"},"modified":"2025-09-12T10:36:57","modified_gmt":"2025-09-12T07:36:57","slug":"bosch-09864b7008-opel-vectra-a-astra-g-yag-filtresi","status":"publish","type":"product","link":"https:\/\/ozince.com\/magaza\/periyodik-bakim-ve-filtre-urunleri\/bosch-09864b7008-opel-vectra-a-astra-g-yag-filtresi\/","title":{"rendered":"BOSCH 09864B7008 OPEL VECTRA A &#8211; ASTRA G YA\u011e F\u0130LTRES\u0130"},"content":{"rendered":"<p>\u00dcR\u00dcN OPEL VECTRA A \/ VECTRA B 1.6-2.0 BENZ\u0130NL\u0130 \/ ASTRA F 1.4-1.6 BENZ\u0130NL\u0130 \/ ASTRA G 1.4-1.6 BENZ\u0130NL\u0130 \/ CORSA C Z1.4XE \/ ASTRA H Z1.6XEP CHEVROLET LACETT\u0130 1.4-1.6 BENZ\u0130NL\u0130 MODELLER\u0130NE UYGUNDUR.<\/p>\n","protected":false},"excerpt":{"rendered":"<p>\u00dcR\u00dcN OPEL VECTRA A \/ VECTRA B 1.6-2.0 BENZ\u0130NL\u0130 \/ ASTRA F 1.4-1.6 BENZ\u0130NL\u0130 \/ ASTRA G 1.4-1.6 BENZ\u0130NL\u0130 \/ CORSA C Z1.4XE \/ ASTRA H Z1.6XEP CHEVROLET LACETT\u0130 1.4-1.6 BENZ\u0130NL\u0130 MODELLER\u0130NE UYGUNDUR.<\/p>\n","protected":false},"featured_media":6105,"template":"","meta":[],"product_brand":[190],"product_cat":[352],"product_tag":[],"class_list":{"0":"post-6104","1":"product","2":"type-product","3":"status-publish","4":"has-post-thumbnail","6":"arac_markasi_modeli-astra-g","7":"arac_markasi_modeli-opel","8":"arac_markasi_modeli-vectra-a","9":"product_brand-bosch","10":"product_cat-periyodik-bakim-ve-filtre-urunleri","12":"first","13":"instock","14":"taxable","15":"shipping-taxable","16":"purchasable","17":"product-type-simple"},"jetpack_sharing_enabled":true,"_links":{"self":[{"href":"https:\/\/ozince.com\/magaza\/wp-json\/wp\/v2\/product\/6104","targetHints":{"allow":["GET"]}}],"collection":[{"href":"https:\/\/ozince.com\/magaza\/wp-json\/wp\/v2\/product"}],"about":[{"href":"https:\/\/ozince.com\/magaza\/wp-json\/wp\/v2\/types\/product"}],"wp:featuredmedia":[{"embeddable":true,"href":"https:\/\/ozince.com\/magaza\/wp-json\/wp\/v2\/media\/6105"}],"wp:attachment":[{"href":"https:\/\/ozince.com\/magaza\/wp-json\/wp\/v2\/media?parent=6104"}],"wp:term":[{"taxonomy":"product_brand","embeddable":true,"href":"https:\/\/ozince.com\/magaza\/wp-json\/wp\/v2\/product_brand?post=6104"},{"taxonomy":"product_cat","embeddable":true,"href":"https:\/\/ozince.com\/magaza\/wp-json\/wp\/v2\/product_cat?post=6104"},{"taxonomy":"product_tag","embeddable":true,"href":"https:\/\/ozince.com\/magaza\/wp-json\/wp\/v2\/product_tag?post=6104"}],"curies":[{"name":"wp","href":"https:\/\/api.w.org\/{rel}","templated":true}]}}