{"id":5978,"date":"2025-09-08T11:49:45","date_gmt":"2025-09-08T08:49:45","guid":{"rendered":"https:\/\/ozince.com\/magaza\/urunler\/kategorilenmemis\/sachs-3000951064-opel-astra-j-h-a1-6xer-debriyaj-seti-rulmansiz\/"},"modified":"2025-09-10T10:34:53","modified_gmt":"2025-09-10T07:34:53","slug":"sachs-3000951064-opel-astra-j-h-a1-6xer-debriyaj-seti-rulmansiz","status":"publish","type":"product","link":"https:\/\/ozince.com\/magaza\/debriyaj-ve-sanziman-urunleri\/sachs-3000951064-opel-astra-j-h-a1-6xer-debriyaj-seti-rulmansiz\/","title":{"rendered":"SACHS 3000951064 OPEL ASTRA J-H A1.6XER DEBR\u0130YAJ SET\u0130 (RULMANSIZ)"},"content":{"rendered":"<p>\u00dcR\u00dcN OPEL ASTRA H \/ ASTRA J \/ VECTRA C 2007 MODELLER\u0130NE UYGUNDUR.<\/p>\n","protected":false},"excerpt":{"rendered":"<p>\u00dcR\u00dcN OPEL ASTRA H \/ ASTRA J \/ VECTRA C 2007 MODELLER\u0130NE UYGUNDUR.<\/p>\n","protected":false},"featured_media":6017,"template":"","meta":[],"product_brand":[349],"product_cat":[347],"product_tag":[],"class_list":{"0":"post-5978","1":"product","2":"type-product","3":"status-publish","4":"has-post-thumbnail","6":"arac_markasi_modeli-astra-h","7":"arac_markasi_modeli-astra-j","8":"arac_markasi_modeli-opel","9":"product_brand-sachs","10":"product_cat-debriyaj-ve-sanziman-urunleri","12":"first","13":"instock","14":"taxable","15":"shipping-taxable","16":"purchasable","17":"product-type-simple"},"jetpack_sharing_enabled":true,"_links":{"self":[{"href":"https:\/\/ozince.com\/magaza\/wp-json\/wp\/v2\/product\/5978","targetHints":{"allow":["GET"]}}],"collection":[{"href":"https:\/\/ozince.com\/magaza\/wp-json\/wp\/v2\/product"}],"about":[{"href":"https:\/\/ozince.com\/magaza\/wp-json\/wp\/v2\/types\/product"}],"wp:featuredmedia":[{"embeddable":true,"href":"https:\/\/ozince.com\/magaza\/wp-json\/wp\/v2\/media\/6017"}],"wp:attachment":[{"href":"https:\/\/ozince.com\/magaza\/wp-json\/wp\/v2\/media?parent=5978"}],"wp:term":[{"taxonomy":"product_brand","embeddable":true,"href":"https:\/\/ozince.com\/magaza\/wp-json\/wp\/v2\/product_brand?post=5978"},{"taxonomy":"product_cat","embeddable":true,"href":"https:\/\/ozince.com\/magaza\/wp-json\/wp\/v2\/product_cat?post=5978"},{"taxonomy":"product_tag","embeddable":true,"href":"https:\/\/ozince.com\/magaza\/wp-json\/wp\/v2\/product_tag?post=5978"}],"curies":[{"name":"wp","href":"https:\/\/api.w.org\/{rel}","templated":true}]}}