{"id":5974,"date":"2025-09-08T11:49:45","date_gmt":"2025-09-08T08:49:45","guid":{"rendered":"https:\/\/ozince.com\/magaza\/urunler\/kategorilenmemis\/sachs-3000828201-opel-astra-g-vectra-b-1-6-16v-debriyaj-seti\/"},"modified":"2025-09-08T11:49:48","modified_gmt":"2025-09-08T08:49:48","slug":"sachs-3000828201-opel-astra-g-vectra-b-1-6-16v-debriyaj-seti","status":"publish","type":"product","link":"https:\/\/ozince.com\/magaza\/debriyaj-ve-sanziman-urunleri\/sachs-3000828201-opel-astra-g-vectra-b-1-6-16v-debriyaj-seti\/","title":{"rendered":"SACHS 3000828201 OPEL ASTRA G &#8211; VECTRA B 1.6 16V DEBR\u0130YAJ SET\u0130"},"content":{"rendered":"<p>\u00dcR\u00dcN OPEL VECTRA C 1.6 \/ ASTRA G 1.6 \/ VECTRA B 1.6 \/ MER\u0130VA A 1.6 MODELLER\u0130NE UYGUNDUR.<\/p>\n","protected":false},"excerpt":{"rendered":"<p>\u00dcR\u00dcN OPEL VECTRA C 1.6 \/ ASTRA G 1.6 \/ VECTRA B 1.6 \/ MER\u0130VA A 1.6 MODELLER\u0130NE UYGUNDUR.<\/p>\n","protected":false},"featured_media":5975,"template":"","meta":[],"product_brand":[349],"product_cat":[347],"product_tag":[],"class_list":{"0":"post-5974","1":"product","2":"type-product","3":"status-publish","4":"has-post-thumbnail","6":"arac_markasi_modeli-astra-g","7":"arac_markasi_modeli-opel","8":"arac_markasi_modeli-vectra-b","9":"product_brand-sachs","10":"product_cat-debriyaj-ve-sanziman-urunleri","12":"first","13":"instock","14":"taxable","15":"shipping-taxable","16":"purchasable","17":"product-type-simple"},"jetpack_sharing_enabled":true,"_links":{"self":[{"href":"https:\/\/ozince.com\/magaza\/wp-json\/wp\/v2\/product\/5974","targetHints":{"allow":["GET"]}}],"collection":[{"href":"https:\/\/ozince.com\/magaza\/wp-json\/wp\/v2\/product"}],"about":[{"href":"https:\/\/ozince.com\/magaza\/wp-json\/wp\/v2\/types\/product"}],"wp:featuredmedia":[{"embeddable":true,"href":"https:\/\/ozince.com\/magaza\/wp-json\/wp\/v2\/media\/5975"}],"wp:attachment":[{"href":"https:\/\/ozince.com\/magaza\/wp-json\/wp\/v2\/media?parent=5974"}],"wp:term":[{"taxonomy":"product_brand","embeddable":true,"href":"https:\/\/ozince.com\/magaza\/wp-json\/wp\/v2\/product_brand?post=5974"},{"taxonomy":"product_cat","embeddable":true,"href":"https:\/\/ozince.com\/magaza\/wp-json\/wp\/v2\/product_cat?post=5974"},{"taxonomy":"product_tag","embeddable":true,"href":"https:\/\/ozince.com\/magaza\/wp-json\/wp\/v2\/product_tag?post=5974"}],"curies":[{"name":"wp","href":"https:\/\/api.w.org\/{rel}","templated":true}]}}