{"id":5966,"date":"2025-09-08T11:49:45","date_gmt":"2025-09-08T08:49:45","guid":{"rendered":"https:\/\/ozince.com\/magaza\/urunler\/kategorilenmemis\/mapa-004215309-opel-corsa-c-1-3-dizel-debriyaj-seti-manuel-5-ileri\/"},"modified":"2025-09-08T11:49:47","modified_gmt":"2025-09-08T08:49:47","slug":"mapa-004215309-opel-corsa-c-1-3-dizel-debriyaj-seti-manuel-5-ileri","status":"publish","type":"product","link":"https:\/\/ozince.com\/magaza\/debriyaj-ve-sanziman-urunleri\/mapa-004215309-opel-corsa-c-1-3-dizel-debriyaj-seti-manuel-5-ileri\/","title":{"rendered":"MAPA 004215309 OPEL CORSA C 1.3 D\u0130ZEL DEBR\u0130YAJ SET\u0130 (MANUEL) 5 \u0130LER\u0130"},"content":{"rendered":"<p>\u00dcR\u00dcN OPEL CORSA D \/ CORSA C \/ COMBO C \/ MER\u0130VA A 1.3 D\u0130ZEL 5 \u0130LER\u0130 2007 MODEL MODELLER\u0130NE UYGUNDUR.<\/p>\n","protected":false},"excerpt":{"rendered":"<p>\u00dcR\u00dcN OPEL CORSA D \/ CORSA C \/ COMBO C \/ MER\u0130VA A 1.3 D\u0130ZEL 5 \u0130LER\u0130 2007 MODEL MODELLER\u0130NE UYGUNDUR.<\/p>\n","protected":false},"featured_media":5967,"template":"","meta":[],"product_brand":[348],"product_cat":[347],"product_tag":[],"class_list":{"0":"post-5966","1":"product","2":"type-product","3":"status-publish","4":"has-post-thumbnail","6":"arac_markasi_modeli-corsa-c","7":"arac_markasi_modeli-opel","8":"product_brand-mapa","9":"product_cat-debriyaj-ve-sanziman-urunleri","11":"first","12":"instock","13":"taxable","14":"shipping-taxable","15":"purchasable","16":"product-type-simple"},"jetpack_sharing_enabled":true,"_links":{"self":[{"href":"https:\/\/ozince.com\/magaza\/wp-json\/wp\/v2\/product\/5966","targetHints":{"allow":["GET"]}}],"collection":[{"href":"https:\/\/ozince.com\/magaza\/wp-json\/wp\/v2\/product"}],"about":[{"href":"https:\/\/ozince.com\/magaza\/wp-json\/wp\/v2\/types\/product"}],"wp:featuredmedia":[{"embeddable":true,"href":"https:\/\/ozince.com\/magaza\/wp-json\/wp\/v2\/media\/5967"}],"wp:attachment":[{"href":"https:\/\/ozince.com\/magaza\/wp-json\/wp\/v2\/media?parent=5966"}],"wp:term":[{"taxonomy":"product_brand","embeddable":true,"href":"https:\/\/ozince.com\/magaza\/wp-json\/wp\/v2\/product_brand?post=5966"},{"taxonomy":"product_cat","embeddable":true,"href":"https:\/\/ozince.com\/magaza\/wp-json\/wp\/v2\/product_cat?post=5966"},{"taxonomy":"product_tag","embeddable":true,"href":"https:\/\/ozince.com\/magaza\/wp-json\/wp\/v2\/product_tag?post=5966"}],"curies":[{"name":"wp","href":"https:\/\/api.w.org\/{rel}","templated":true}]}}