{"id":5958,"date":"2025-09-08T11:49:45","date_gmt":"2025-09-08T08:49:45","guid":{"rendered":"https:\/\/ozince.com\/magaza\/urunler\/kategorilenmemis\/luk-623356309-opel-insignia-a-astra-j-a1-4net-debriyaj-seti\/"},"modified":"2025-09-08T11:49:45","modified_gmt":"2025-09-08T08:49:45","slug":"luk-623356309-opel-insignia-a-astra-j-a1-4net-debriyaj-seti","status":"publish","type":"product","link":"https:\/\/ozince.com\/magaza\/debriyaj-ve-sanziman-urunleri\/luk-623356309-opel-insignia-a-astra-j-a1-4net-debriyaj-seti\/","title":{"rendered":"LUK 623356309 OPEL \u0130NS\u0130GN\u0130A A &#8211; ASTRA J A1.4NET DEBR\u0130YAJ SET\u0130"},"content":{"rendered":"<p>\u00dcR\u00dcN OPEL \u0130NS\u0130GN\u0130A A \/ ASTRA J \/ MOKKA A1.4NET TURBOLU CHEVROLET TRAX, CRUZE A1.4NET MODELLER\u0130NE UYGUNDUR.<\/p>\n","protected":false},"excerpt":{"rendered":"<p>\u00dcR\u00dcN OPEL \u0130NS\u0130GN\u0130A A \/ ASTRA J \/ MOKKA A1.4NET TURBOLU CHEVROLET TRAX, CRUZE A1.4NET MODELLER\u0130NE UYGUNDUR.<\/p>\n","protected":false},"featured_media":5959,"template":"","meta":[],"product_brand":[234],"product_cat":[347],"product_tag":[],"class_list":{"0":"post-5958","1":"product","2":"type-product","3":"status-publish","4":"has-post-thumbnail","6":"arac_markasi_modeli-astra-j","7":"arac_markasi_modeli-insignia-a","8":"arac_markasi_modeli-opel","9":"product_brand-luk","10":"product_cat-debriyaj-ve-sanziman-urunleri","12":"first","13":"instock","14":"taxable","15":"shipping-taxable","16":"purchasable","17":"product-type-simple"},"jetpack_sharing_enabled":true,"_links":{"self":[{"href":"https:\/\/ozince.com\/magaza\/wp-json\/wp\/v2\/product\/5958","targetHints":{"allow":["GET"]}}],"collection":[{"href":"https:\/\/ozince.com\/magaza\/wp-json\/wp\/v2\/product"}],"about":[{"href":"https:\/\/ozince.com\/magaza\/wp-json\/wp\/v2\/types\/product"}],"wp:featuredmedia":[{"embeddable":true,"href":"https:\/\/ozince.com\/magaza\/wp-json\/wp\/v2\/media\/5959"}],"wp:attachment":[{"href":"https:\/\/ozince.com\/magaza\/wp-json\/wp\/v2\/media?parent=5958"}],"wp:term":[{"taxonomy":"product_brand","embeddable":true,"href":"https:\/\/ozince.com\/magaza\/wp-json\/wp\/v2\/product_brand?post=5958"},{"taxonomy":"product_cat","embeddable":true,"href":"https:\/\/ozince.com\/magaza\/wp-json\/wp\/v2\/product_cat?post=5958"},{"taxonomy":"product_tag","embeddable":true,"href":"https:\/\/ozince.com\/magaza\/wp-json\/wp\/v2\/product_tag?post=5958"}],"curies":[{"name":"wp","href":"https:\/\/api.w.org\/{rel}","templated":true}]}}