{"id":5952,"date":"2025-09-08T11:49:35","date_gmt":"2025-09-08T08:49:35","guid":{"rendered":"https:\/\/ozince.com\/magaza\/urunler\/kategorilenmemis\/luk-622323609-opel-astra-j-corsa-d-1-3-dizel-debriyaj-seti-sabit-volant\/"},"modified":"2025-09-08T11:49:42","modified_gmt":"2025-09-08T08:49:42","slug":"luk-622323609-opel-astra-j-corsa-d-1-3-dizel-debriyaj-seti-sabit-volant","status":"publish","type":"product","link":"https:\/\/ozince.com\/magaza\/debriyaj-ve-sanziman-urunleri\/luk-622323609-opel-astra-j-corsa-d-1-3-dizel-debriyaj-seti-sabit-volant\/","title":{"rendered":"LUK 622323609 OPEL ASTRA J &#8211; CORSA D 1.3 D\u0130ZEL DEBR\u0130YAJ SET\u0130 (SAB\u0130T VOLANT)"},"content":{"rendered":"<p>\u00dcR\u00dcN OPEL COMBO C, CORSA D \/ CORSA E \/ ASTRA J 1.3 D\u0130ZEL SAB\u0130T VOLANT MODELLER\u0130NE UYGUNDUR.<\/p>\n","protected":false},"excerpt":{"rendered":"<p>\u00dcR\u00dcN OPEL COMBO C, CORSA D \/ CORSA E \/ ASTRA J 1.3 D\u0130ZEL SAB\u0130T VOLANT MODELLER\u0130NE UYGUNDUR.<\/p>\n","protected":false},"featured_media":5953,"template":"","meta":[],"product_brand":[234],"product_cat":[347],"product_tag":[],"class_list":{"0":"post-5952","1":"product","2":"type-product","3":"status-publish","4":"has-post-thumbnail","6":"arac_markasi_modeli-astra-j","7":"arac_markasi_modeli-corsa-d","8":"arac_markasi_modeli-opel","9":"product_brand-luk","10":"product_cat-debriyaj-ve-sanziman-urunleri","12":"first","13":"instock","14":"taxable","15":"shipping-taxable","16":"purchasable","17":"product-type-simple"},"jetpack_sharing_enabled":true,"_links":{"self":[{"href":"https:\/\/ozince.com\/magaza\/wp-json\/wp\/v2\/product\/5952","targetHints":{"allow":["GET"]}}],"collection":[{"href":"https:\/\/ozince.com\/magaza\/wp-json\/wp\/v2\/product"}],"about":[{"href":"https:\/\/ozince.com\/magaza\/wp-json\/wp\/v2\/types\/product"}],"wp:featuredmedia":[{"embeddable":true,"href":"https:\/\/ozince.com\/magaza\/wp-json\/wp\/v2\/media\/5953"}],"wp:attachment":[{"href":"https:\/\/ozince.com\/magaza\/wp-json\/wp\/v2\/media?parent=5952"}],"wp:term":[{"taxonomy":"product_brand","embeddable":true,"href":"https:\/\/ozince.com\/magaza\/wp-json\/wp\/v2\/product_brand?post=5952"},{"taxonomy":"product_cat","embeddable":true,"href":"https:\/\/ozince.com\/magaza\/wp-json\/wp\/v2\/product_cat?post=5952"},{"taxonomy":"product_tag","embeddable":true,"href":"https:\/\/ozince.com\/magaza\/wp-json\/wp\/v2\/product_tag?post=5952"}],"curies":[{"name":"wp","href":"https:\/\/api.w.org\/{rel}","templated":true}]}}